{"id":3144,"date":"2017-01-08T14:56:25","date_gmt":"2017-01-08T14:56:25","guid":{"rendered":"http:\/\/www.destinationwedding.com.br\/?page_id=3144"},"modified":"2017-03-18T21:54:10","modified_gmt":"2017-03-18T21:54:10","slug":"somos-flexibles","status":"publish","type":"page","link":"https:\/\/www.destinationwedding.com.br\/es\/somos-flexibles\/","title":{"rendered":"Somos flexibles"},"content":{"rendered":"<div class=\"wpb-content-wrapper\"><p>[vc_row el_id=\u00bbfirst\u00bb content_width=\u00bbfullwidth\u00bb css=\u00bb.vc_custom_1405468057223{padding-top: 0px !important;padding-bottom: 0px !important;}\u00bb][vc_column]\n<div id=\"rev_slider_28_1_wrapper\" class=\"rev_slider_wrapper fullscreen-container\" style=\"background-color:#0a0a0a;padding:0px;\">\n<!-- START REVOLUTION SLIDER 5.2.6 fullscreen mode -->\n\t<div id=\"rev_slider_28_1\" class=\"rev_slider fullscreenbanner\" style=\"display:none;\" data-version=\"5.2.6\">\n<ul>\t<!-- SLIDE  -->\n\t<li data-index=\"rs-48\" data-transition=\"fade\" data-slotamount=\"default\" data-hideafterloop=\"0\" data-hideslideonmobile=\"off\"  data-easein=\"default\" data-easeout=\"default\" data-masterspeed=\"300\"  data-rotate=\"0\"  data-saveperformance=\"off\"  data-title=\"Slide\" data-param1=\"\" data-param2=\"\" data-param3=\"\" data-param4=\"\" data-param5=\"\" data-param6=\"\" data-param7=\"\" data-param8=\"\" data-param9=\"\" data-param10=\"\" data-description=\"\">\n\t\t<!-- MAIN IMAGE -->\n\t\t<img loading=\"lazy\" decoding=\"async\" src=\"https:\/\/www.destinationwedding.com.br\/blog\/wp-content\/uploads\/2017\/01\/shutterstock_58513148.jpg\"  alt=\"\" title=\"shutterstock_58513148\"  width=\"1800\" height=\"1800\" data-bgposition=\"center center\" data-bgfit=\"cover\" data-bgrepeat=\"no-repeat\" data-bgparallax=\"7\" class=\"rev-slidebg\" data-no-retina>\n\t\t<!-- LAYERS -->\n\n\t\t<!-- LAYER NR. 1 -->\n\t\t<div class=\"tp-caption   tp-resizeme\" \n\t\t\t id=\"bt-slider\" \n\t\t\t data-x=\"center\" data-hoffset=\"\" \n\t\t\t data-y=\"center\" data-voffset=\"81\" \n\t\t\t\t\t\tdata-width=\"['none','none','none','none']\"\n\t\t\tdata-height=\"['none','none','none','none']\"\n\t\t\tdata-transform_idle=\"o:1;\"\n \n\t\t\t data-transform_in=\"opacity:0;s:300;e:Power2.easeInOut;\" \n\t\t\t data-transform_out=\"opacity:0;s:300;\" \n\t\t\tdata-start=\"0\" \n\t\t\tdata-actions='[{\"event\":\"click\",\"action\":\"scrollbelow\",\"offset\":\"-40px\",\"delay\":\"\"}]'\n\t\t\tdata-responsive_offset=\"on\" \n\n\t\t\t\n\t\t\tstyle=\"z-index: 5;\"><img loading=\"lazy\" decoding=\"async\" src=\"https:\/\/www.destinationwedding.com.br\/blog\/wp-content\/uploads\/2016\/11\/plus-white.png\" alt=\"\" width=\"40\" height=\"40\" data-ww=\"40px\" data-hh=\"40px\" data-no-retina> <\/div>\n\n\t\t<!-- LAYER NR. 2 -->\n\t\t<div class=\"tp-caption   tp-resizeme\" \n\t\t\t id=\"slide-48-layer-8\" \n\t\t\t data-x=\"center\" data-hoffset=\"\" \n\t\t\t data-y=\"225\" \n\t\t\t\t\t\tdata-width=\"['none','none','none','none']\"\n\t\t\tdata-height=\"['none','none','none','none']\"\n\t\t\tdata-transform_idle=\"o:1;\"\n \n\t\t\t data-transform_in=\"opacity:0;s:300;e:Power2.easeInOut;\" \n\t\t\t data-transform_out=\"opacity:0;s:300;\" \n\t\t\tdata-start=\"500\" \n\t\t\tdata-responsive_offset=\"on\" \n\n\t\t\t\n\t\t\tstyle=\"z-index: 6;\"><img loading=\"lazy\" decoding=\"async\" src=\"https:\/\/www.destinationwedding.com.br\/blog\/wp-content\/uploads\/2016\/11\/INTERNAS_arabescos.png\" alt=\"\" width=\"189\" height=\"38\" data-ww=\"189px\" data-hh=\"38px\" data-no-retina> <\/div>\n\n\t\t<!-- LAYER NR. 3 -->\n\t\t<div class=\"tp-caption   tp-resizeme\" \n\t\t\t id=\"slide-48-layer-9\" \n\t\t\t data-x=\"center\" data-hoffset=\"\" \n\t\t\t data-y=\"center\" data-voffset=\"-11\" \n\t\t\t\t\t\tdata-width=\"['auto']\"\n\t\t\tdata-height=\"['auto']\"\n\t\t\tdata-transform_idle=\"o:1;\"\n \n\t\t\t data-transform_in=\"opacity:0;s:300;e:Power2.easeInOut;\" \n\t\t\t data-transform_out=\"opacity:0;s:300;\" \n\t\t\tdata-start=\"500\" \n\t\t\tdata-splitin=\"none\" \n\t\t\tdata-splitout=\"none\" \n\t\t\tdata-responsive_offset=\"on\" \n\n\t\t\t\n\t\t\tstyle=\"z-index: 7; white-space: nowrap; font-size: 55px; line-height: 55px; font-weight: 400; color: rgba(255, 255, 255, 1.00);\"><div style=\"font-family: 'Champagne Bold'; text-shadow: 1px 1px 1px rgba(0, 0, 0, .1); color: #FFF; text-align: center;\">SOMOS FLEXIBLES <\/div> <\/div>\n\t<\/li>\n<\/ul>\n<div class=\"tp-bannertimer tp-bottom\" style=\"visibility: hidden !important;\"><\/div>\t<\/div>\n<script>var htmlDiv = document.getElementById(\"rs-plugin-settings-inline-css\"); var htmlDivCss=\"\";\r\n\t\t\t\tif(htmlDiv) {\r\n\t\t\t\t\thtmlDiv.innerHTML = htmlDiv.innerHTML + htmlDivCss;\r\n\t\t\t\t}else{\r\n\t\t\t\t\tvar htmlDiv = document.createElement(\"div\");\r\n\t\t\t\t\thtmlDiv.innerHTML = \"<style>\" + htmlDivCss + \"<\/style>\";\r\n\t\t\t\t\tdocument.getElementsByTagName(\"head\")[0].appendChild(htmlDiv.childNodes[0]);\r\n\t\t\t\t}\r\n\t\t\t<\/script>\n\t\t<script type=\"text\/javascript\">\r\n\t\t\t\t\t\t\/******************************************\r\n\t\t\t\t-\tPREPARE PLACEHOLDER FOR SLIDER\t-\r\n\t\t\t******************************************\/\r\n\r\n\t\t\tvar setREVStartSize=function(){\r\n\t\t\t\ttry{var e=new Object,i=jQuery(window).width(),t=9999,r=0,n=0,l=0,f=0,s=0,h=0;\r\n\t\t\t\t\te.c = jQuery('#rev_slider_28_1');\r\n\t\t\t\t\te.gridwidth = [1240];\r\n\t\t\t\t\te.gridheight = [610];\r\n\t\t\t\t\t\t\t\r\n\t\t\t\t\te.sliderLayout = \"fullscreen\";\r\n\t\t\t\t\te.fullScreenAutoWidth='off';\r\n\t\t\t\t\te.fullScreenAlignForce='off';\r\n\t\t\t\t\te.fullScreenOffsetContainer= '';\r\n\t\t\t\t\te.fullScreenOffset='';\r\n\t\t\t\t\tif(e.responsiveLevels&&(jQuery.each(e.responsiveLevels,function(e,f){f>i&&(t=r=f,l=e),i>f&&f>r&&(r=f,n=e)}),t>r&&(l=n)),f=e.gridheight[l]||e.gridheight[0]||e.gridheight,s=e.gridwidth[l]||e.gridwidth[0]||e.gridwidth,h=i\/s,h=h>1?1:h,f=Math.round(h*f),\"fullscreen\"==e.sliderLayout){var u=(e.c.width(),jQuery(window).height());if(void 0!=e.fullScreenOffsetContainer){var c=e.fullScreenOffsetContainer.split(\",\");if (c) jQuery.each(c,function(e,i){u=jQuery(i).length>0?u-jQuery(i).outerHeight(!0):u}),e.fullScreenOffset.split(\"%\").length>1&&void 0!=e.fullScreenOffset&&e.fullScreenOffset.length>0?u-=jQuery(window).height()*parseInt(e.fullScreenOffset,0)\/100:void 0!=e.fullScreenOffset&&e.fullScreenOffset.length>0&&(u-=parseInt(e.fullScreenOffset,0))}f=u}else void 0!=e.minHeight&&f<e.minHeight&&(f=e.minHeight);e.c.closest(\".rev_slider_wrapper\").css({height:f})\r\n\t\t\t\t\t\r\n\t\t\t\t}catch(d){console.log(\"Failure at Presize of Slider:\"+d)}\r\n\t\t\t};\r\n\t\t\t\r\n\t\t\tsetREVStartSize();\r\n\t\t\t\r\n\t\t\t\t\t\tvar tpj=jQuery;\r\n\t\t\t\r\n\t\t\tvar revapi28;\r\n\t\t\ttpj(document).ready(function() {\n\t\t\t\tif(tpj(\"#rev_slider_28_1\").revolution == undefined){\n\t\t\t\t\trevslider_showDoubleJqueryError(\"#rev_slider_28_1\");\n\t\t\t\t}else{\n\t\t\t\t\trevapi28 = tpj(\"#rev_slider_28_1\").show().revolution({\n\t\t\t\t\t\tsliderType:\"standard\",\njsFileLocation:\"\/\/www.destinationwedding.com.br\/blog\/wp-content\/plugins\/revslider\/public\/assets\/js\/\",\n\t\t\t\t\t\tsliderLayout:\"fullscreen\",\n\t\t\t\t\t\tdottedOverlay:\"none\",\n\t\t\t\t\t\tdelay:9000,\n\t\t\t\t\t\tnavigation: {\n\t\t\t\t\t\t\tonHoverStop:\"on\",\n\t\t\t\t\t\t},\n\t\t\t\t\t\tvisibilityLevels:[1240,1024,778,480],\n\t\t\t\t\t\tgridwidth:1240,\n\t\t\t\t\t\tgridheight:610,\n\t\t\t\t\t\tlazyType:\"none\",\n\t\t\t\t\t\tparallax: {\n\t\t\t\t\t\t\ttype:\"mouse\",\n\t\t\t\t\t\t\torigo:\"enterpoint\",\n\t\t\t\t\t\t\tspeed:400,\n\t\t\t\t\t\t\tlevels:[5,10,15,20,25,30,35,40,45,46,47,48,49,50,51,55],\n\t\t\t\t\t\t\ttype:\"mouse\",\n\t\t\t\t\t\t\tdisable_onmobile:\"on\"\n\t\t\t\t\t\t},\n\t\t\t\t\t\tshadow:0,\n\t\t\t\t\t\tspinner:\"off\",\n\t\t\t\t\t\tstopLoop:\"off\",\n\t\t\t\t\t\tstopAfterLoops:-1,\n\t\t\t\t\t\tstopAtSlide:-1,\n\t\t\t\t\t\tshuffle:\"off\",\n\t\t\t\t\t\tautoHeight:\"off\",\n\t\t\t\t\t\tfullScreenAutoWidth:\"off\",\n\t\t\t\t\t\tfullScreenAlignForce:\"off\",\n\t\t\t\t\t\tfullScreenOffsetContainer: \"\",\n\t\t\t\t\t\tfullScreenOffset: \"\",\n\t\t\t\t\t\tdisableProgressBar:\"on\",\n\t\t\t\t\t\thideThumbsOnMobile:\"off\",\n\t\t\t\t\t\thideSliderAtLimit:0,\n\t\t\t\t\t\thideCaptionAtLimit:0,\n\t\t\t\t\t\thideAllCaptionAtLilmit:0,\n\t\t\t\t\t\tdebugMode:false,\n\t\t\t\t\t\tfallbacks: {\n\t\t\t\t\t\t\tsimplifyAll:\"off\",\n\t\t\t\t\t\t\tnextSlideOnWindowFocus:\"off\",\n\t\t\t\t\t\t\tdisableFocusListener:false,\n\t\t\t\t\t\t}\n\t\t\t\t\t});\n\t\t\t\t}\n\t\t\t});\t\/*ready*\/\n\t\t<\/script>\r\n\t\t<\/div><!-- END REVOLUTION SLIDER -->[\/vc_column][\/vc_row][vc_row el_id=\u00bbinterna-header\u00bb css=\u00bb.vc_custom_1479599023208{margin-top: 60px !important;margin-bottom: 30px !important;}\u00bb][vc_column]<div class=\"vntd-special-heading\"style=\"margin-bottom:0px;\"><h1 class=\"header  animated\" data-animation=\"fadeIn\" data-animation-delay=\"100\">Somos flexibles<\/h1><div class=\"header-strips-one  animated\" data-animation=\"fadeIn\" data-animation-delay=\"100\"><\/div><\/div>[vc_column_text]<\/p>\n<div class=\"divisor\"><\/div>\n<p>[\/vc_column_text][\/vc_column][\/vc_row][vc_row el_id=\u00bbconteudo-interna\u00bb el_class=\u00bbslim-width\u00bb][vc_column][vc_column_text]Los pa\u00edses tienen muchas diferencias culturales, empezando por el idioma a otras caracter\u00edsticas, tales como la celebraci\u00f3n de una boda.<\/p>\n<p>Tener un asesoramiento local hace una gran diferencia, en el sentido de que m\u00e1s all\u00e1 de hablar el idioma, entendemos lo que los novios buscan e idealizan para su boda y lo \u00abtraducimos\u00bb de la mejor manera posible a nivel local.<\/p>\n<p>Entendemos que casarse en el extranjero no es tener un matrimonio como el que puede tener en su pa\u00eds, pero con esto puede disfrutar lo mejor que hay en el destino y tambi\u00e9n puede llevar lo que se considera esencial e importante en un matrimonio, de acuerdo con su cultura.<\/p>\n<p>Si usted quiere casarse, pero le gustar\u00eda tener un celebrante que hable su idioma, entre otros detalles culturales de su pa\u00eds, vamos a tratar de conseguirlo para usted a nivel local.[\/vc_column_text][\/vc_column][\/vc_row][vc_row][vc_column][vc_column_text]<\/p>\n<p>[\/vc_column_text][\/vc_column][\/vc_row][vc_row][vc_column][vc_column_text]<\/p>\n<p>[\/vc_column_text][\/vc_column][\/vc_row][vc_row][vc_column][vc_column_text]<\/p>\n<p>[\/vc_column_text][\/vc_column][\/vc_row][vc_row el_id=\u00bbdiferenciais\u00bb css=\u00bb.vc_custom_1483831203583{padding-top: 35px !important;}\u00bb][vc_column]<div class=\"vntd-special-heading\"style=\"margin-bottom:px;\"><h1 class=\"header  animated\" data-animation=\"fadeIn\" data-animation-delay=\"100\">Outros diferenciales<\/h1><div class=\"header-strips-one  animated\" data-animation=\"fadeIn\" data-animation-delay=\"100\"><\/div><\/div>[vc_row_inner css=\u00bb.vc_custom_1477018298571{padding-top: 20px !important;padding-right: 0px !important;padding-bottom: 0px !important;padding-left: 0px !important;}\u00bb el_class=\u00bbslim-width\u00bb][vc_column_inner width=\u00bb1\/4&#8243;]<div class=\"vntd-icon-box icon-box-centered animated box\" data-animation=\"fadeIn\" data-animation-delay=\"100\"><a href=\"\/destination-wedding-personalizado\/\" target=\"_self\" title=\"Destination Wedding personalizado\" class=\"icon-box-icon about-icon\"><i class=\"vc_li vc_li-user\"><\/i><\/a><h3 class=\"icon-box-title uppercase normal font-primary\">Destination Wedding personalizado<\/h3><p class=\"icon-description\"><\/p><\/div>[\/vc_column_inner][vc_column_inner width=\u00bb1\/4&#8243;]<div class=\"vntd-icon-box icon-box-centered animated box\" data-animation=\"fadeIn\" data-animation-delay=\"500\"><a href=\"\/somos-flexibles\/\" target=\"_self\" title=\"Somos flexibles\" class=\"icon-box-icon about-icon\"><i class=\"fa fa-flag-o\"><\/i><\/a><h3 class=\"icon-box-title uppercase normal font-primary\">Somos flexibles<\/h3><p class=\"icon-description\"><\/p><\/div>[\/vc_column_inner][vc_column_inner width=\u00bb1\/4&#8243;]<div class=\"vntd-icon-box icon-box-centered animated box\" data-animation=\"fadeIn\" data-animation-delay=\"700\"><a href=\"\/nuestra-empresa-esta-en-chile\/\" target=\"_self\" title=\"Nuestra empresa est\u00e1 en Chile\" class=\"icon-box-icon about-icon\"><i class=\"vc-oi vc-oi-location-inv\"><\/i><\/a><h3 class=\"icon-box-title uppercase normal font-primary\">Nuestra empresa est\u00e1 en Chile<\/h3><p class=\"icon-description\"><\/p><\/div>[\/vc_column_inner][vc_column_inner width=\u00bb1\/4&#8243;]<div class=\"vntd-icon-box icon-box-centered animated box\" data-animation=\"fadeIn\" data-animation-delay=\"900\"><a href=\"\/amamos-lo-que-hacemos\/\" target=\"_self\" title=\"\u00a1Amamos lo que hacemos!\" class=\"icon-box-icon about-icon\"><i class=\"fa fa-heart-o\"><\/i><\/a><h3 class=\"icon-box-title uppercase normal font-primary\">\u00a1Amamos lo que hacemos!<\/h3><p class=\"icon-description\"><\/p><\/div>[\/vc_column_inner][\/vc_row_inner][\/vc_column][\/vc_row]<\/p>\n<\/div>","protected":false},"excerpt":{"rendered":"<p>[vc_row el_id=\u00bbfirst\u00bb content_width=\u00bbfullwidth\u00bb css=\u00bb.vc_custom_1405468057223{padding-top: 0px !important;padding-bottom: 0px !important;}\u00bb][vc_column][\/vc_column][\/vc_row][vc_row el_id=\u00bbinterna-header\u00bb css=\u00bb.vc_custom_1479599023208{margin-top: 60px !important;margin-bottom: 30px !important;}\u00bb][vc_column][vc_column_text] [\/vc_column_text][\/vc_column][\/vc_row][vc_row el_id=\u00bbconteudo-interna\u00bb el_class=\u00bbslim-width\u00bb][vc_column][vc_column_text]Los pa\u00edses tienen muchas diferencias culturales, empezando por el idioma a otras caracter\u00edsticas, tales como la celebraci\u00f3n de una boda. Tener un asesoramiento local hace una gran diferencia, en el sentido de que m\u00e1s all\u00e1 de hablar el idioma, entendemos lo que los novios buscan e idealizan para su boda y lo \u00abtraducimos\u00bb de [&hellip;]<\/p>\n","protected":false},"author":1,"featured_media":0,"parent":0,"menu_order":0,"comment_status":"closed","ping_status":"closed","template":"","meta":{"_exactmetrics_skip_tracking":false,"_exactmetrics_sitenote_active":false,"_exactmetrics_sitenote_note":"","_exactmetrics_sitenote_category":0,"footnotes":""},"class_list":["post-3144","page","type-page","status-publish","hentry"],"_links":{"self":[{"href":"https:\/\/www.destinationwedding.com.br\/es\/wp-json\/wp\/v2\/pages\/3144","targetHints":{"allow":["GET"]}}],"collection":[{"href":"https:\/\/www.destinationwedding.com.br\/es\/wp-json\/wp\/v2\/pages"}],"about":[{"href":"https:\/\/www.destinationwedding.com.br\/es\/wp-json\/wp\/v2\/types\/page"}],"author":[{"embeddable":true,"href":"https:\/\/www.destinationwedding.com.br\/es\/wp-json\/wp\/v2\/users\/1"}],"replies":[{"embeddable":true,"href":"https:\/\/www.destinationwedding.com.br\/es\/wp-json\/wp\/v2\/comments?post=3144"}],"version-history":[{"count":12,"href":"https:\/\/www.destinationwedding.com.br\/es\/wp-json\/wp\/v2\/pages\/3144\/revisions"}],"predecessor-version":[{"id":3330,"href":"https:\/\/www.destinationwedding.com.br\/es\/wp-json\/wp\/v2\/pages\/3144\/revisions\/3330"}],"wp:attachment":[{"href":"https:\/\/www.destinationwedding.com.br\/es\/wp-json\/wp\/v2\/media?parent=3144"}],"curies":[{"name":"wp","href":"https:\/\/api.w.org\/{rel}","templated":true}]}}