{"id":2467,"date":"2016-11-20T15:00:05","date_gmt":"2016-11-20T15:00:05","guid":{"rendered":"http:\/\/www.destinationwedding.com.br\/blog\/?page_id=2467"},"modified":"2017-03-19T00:20:07","modified_gmt":"2017-03-19T00:20:07","slug":"lua-de-mel","status":"publish","type":"page","link":"https:\/\/www.destinationwedding.com.br\/es\/luna-de-miel\/","title":{"rendered":"Luna de Miel"},"content":{"rendered":"<div class=\"wpb-content-wrapper\"><p>[vc_row el_id=\u00bbfirst\u00bb content_width=\u00bbfullwidth\u00bb css=\u00bb.vc_custom_1405468057223{padding-top: 0px !important;padding-bottom: 0px !important;}\u00bb][vc_column]\n<div id=\"rev_slider_14_1_wrapper\" class=\"rev_slider_wrapper fullscreen-container\" style=\"background-color:#0a0a0a;padding:0px;\">\n<!-- START REVOLUTION SLIDER 5.2.6 fullscreen mode -->\n\t<div id=\"rev_slider_14_1\" class=\"rev_slider fullscreenbanner\" style=\"display:none;\" data-version=\"5.2.6\">\n<ul>\t<!-- SLIDE  -->\n\t<li data-index=\"rs-30\" data-transition=\"fade\" data-slotamount=\"default\" data-hideafterloop=\"0\" data-hideslideonmobile=\"off\"  data-easein=\"default\" data-easeout=\"default\" data-masterspeed=\"300\"  data-rotate=\"0\"  data-saveperformance=\"off\"  data-title=\"Slide\" data-param1=\"\" data-param2=\"\" data-param3=\"\" data-param4=\"\" data-param5=\"\" data-param6=\"\" data-param7=\"\" data-param8=\"\" data-param9=\"\" data-param10=\"\" data-description=\"\">\n\t\t<!-- MAIN IMAGE -->\n\t\t<img loading=\"lazy\" decoding=\"async\" src=\"https:\/\/www.destinationwedding.com.br\/blog\/wp-content\/uploads\/2016\/11\/shutterstock_195055538.jpg\"  alt=\"\" title=\"shutterstock_195055538\"  width=\"2000\" height=\"1333\" data-bgposition=\"center center\" data-bgfit=\"cover\" data-bgrepeat=\"no-repeat\" data-bgparallax=\"7\" class=\"rev-slidebg\" data-no-retina>\n\t\t<!-- LAYERS -->\n\n\t\t<!-- LAYER NR. 1 -->\n\t\t<h1 class=\"tp-caption   tp-resizeme\" \n\t\t\t id=\"slide-30-layer-1\" \n\t\t\t data-x=\"center\" data-hoffset=\"\" \n\t\t\t data-y=\"center\" data-voffset=\"-11\" \n\t\t\t\t\t\tdata-width=\"['auto']\"\n\t\t\tdata-height=\"['auto']\"\n\t\t\tdata-transform_idle=\"o:1;\"\n \n\t\t\t data-transform_in=\"opacity:0;s:300;e:Power2.easeInOut;\" \n\t\t\t data-transform_out=\"opacity:0;s:300;\" \n\t\t\tdata-start=\"500\" \n\t\t\tdata-splitin=\"none\" \n\t\t\tdata-splitout=\"none\" \n\t\t\tdata-responsive_offset=\"on\" \n\n\t\t\t\n\t\t\tstyle=\"z-index: 5; white-space: nowrap; font-size: 55px; line-height: 52px; font-weight: 400; color: rgba(167, 99, 163, 1.00);\"><div style=\"font-family: 'Champagne Bold'; text-shadow: 1px 1px 1px rgba(0, 0, 0, .1); color: #FFF; text-align: center;\">LUNA DE MIEL<\/div> <\/h1>\n\n\t\t<!-- LAYER NR. 2 -->\n\t\t<div class=\"tp-caption   tp-resizeme\" \n\t\t\t id=\"slide-30-layer-5\" \n\t\t\t data-x=\"center\" data-hoffset=\"\" \n\t\t\t data-y=\"center\" data-voffset=\"240\" \n\t\t\t\t\t\tdata-width=\"['auto']\"\n\t\t\tdata-height=\"['auto']\"\n\t\t\tdata-transform_idle=\"o:1;\"\n \n\t\t\t data-transform_in=\"opacity:0;s:300;e:Power2.easeInOut;\" \n\t\t\t data-transform_out=\"opacity:0;s:300;\" \n\t\t\tdata-start=\"500\" \n\t\t\tdata-splitin=\"none\" \n\t\t\tdata-splitout=\"none\" \n\t\t\tdata-responsive_offset=\"on\" \n\n\t\t\t\n\t\t\tstyle=\"z-index: 6; white-space: nowrap; font-size: 20px; line-height: 22px; font-weight: 400; color: rgba(255, 255, 255, 1.00);\"> <\/div>\n\n\t\t<!-- LAYER NR. 3 -->\n\t\t<div class=\"tp-caption   tp-resizeme\" \n\t\t\t id=\"bt-slider\" \n\t\t\t data-x=\"center\" data-hoffset=\"\" \n\t\t\t data-y=\"center\" data-voffset=\"81\" \n\t\t\t\t\t\tdata-width=\"['none','none','none','none']\"\n\t\t\tdata-height=\"['none','none','none','none']\"\n\t\t\tdata-transform_idle=\"o:1;\"\n \n\t\t\t data-transform_in=\"opacity:0;s:300;e:Power2.easeInOut;\" \n\t\t\t data-transform_out=\"opacity:0;s:300;\" \n\t\t\tdata-start=\"500\" \n\t\t\tdata-actions='[{\"event\":\"click\",\"action\":\"scrollbelow\",\"offset\":\"-40px\",\"delay\":\"\"}]'\n\t\t\tdata-responsive_offset=\"on\" \n\n\t\t\t\n\t\t\tstyle=\"z-index: 7;\"><img loading=\"lazy\" decoding=\"async\" src=\"https:\/\/www.destinationwedding.com.br\/blog\/wp-content\/uploads\/2016\/11\/plus-white.png\" alt=\"\" width=\"40\" height=\"40\" data-ww=\"40px\" data-hh=\"40px\" data-no-retina> <\/div>\n\n\t\t<!-- LAYER NR. 4 -->\n\t\t<div class=\"tp-caption   tp-resizeme\" \n\t\t\t id=\"slide-30-layer-8\" \n\t\t\t data-x=\"center\" data-hoffset=\"\" \n\t\t\t data-y=\"225\" \n\t\t\t\t\t\tdata-width=\"['none','none','none','none']\"\n\t\t\tdata-height=\"['none','none','none','none']\"\n\t\t\tdata-transform_idle=\"o:1;\"\n \n\t\t\t data-transform_in=\"opacity:0;s:300;e:Power2.easeInOut;\" \n\t\t\t data-transform_out=\"opacity:0;s:300;\" \n\t\t\tdata-start=\"500\" \n\t\t\tdata-responsive_offset=\"on\" \n\n\t\t\t\n\t\t\tstyle=\"z-index: 8;\"><img loading=\"lazy\" decoding=\"async\" src=\"https:\/\/www.destinationwedding.com.br\/blog\/wp-content\/uploads\/2016\/11\/INTERNAS_arabescos.png\" alt=\"\" width=\"189\" height=\"38\" data-ww=\"189px\" data-hh=\"38px\" data-no-retina> <\/div>\n\t<\/li>\n<\/ul>\n<div class=\"tp-bannertimer tp-bottom\" style=\"visibility: hidden !important;\"><\/div>\t<\/div>\n<script>var htmlDiv = document.getElementById(\"rs-plugin-settings-inline-css\"); var htmlDivCss=\"\";\r\n\t\t\t\tif(htmlDiv) {\r\n\t\t\t\t\thtmlDiv.innerHTML = htmlDiv.innerHTML + htmlDivCss;\r\n\t\t\t\t}else{\r\n\t\t\t\t\tvar htmlDiv = document.createElement(\"div\");\r\n\t\t\t\t\thtmlDiv.innerHTML = \"<style>\" + htmlDivCss + \"<\/style>\";\r\n\t\t\t\t\tdocument.getElementsByTagName(\"head\")[0].appendChild(htmlDiv.childNodes[0]);\r\n\t\t\t\t}\r\n\t\t\t<\/script>\n\t\t<script type=\"text\/javascript\">\r\n\t\t\t\t\t\t\/******************************************\r\n\t\t\t\t-\tPREPARE PLACEHOLDER FOR SLIDER\t-\r\n\t\t\t******************************************\/\r\n\r\n\t\t\tvar setREVStartSize=function(){\r\n\t\t\t\ttry{var e=new Object,i=jQuery(window).width(),t=9999,r=0,n=0,l=0,f=0,s=0,h=0;\r\n\t\t\t\t\te.c = jQuery('#rev_slider_14_1');\r\n\t\t\t\t\te.gridwidth = [1240];\r\n\t\t\t\t\te.gridheight = [610];\r\n\t\t\t\t\t\t\t\r\n\t\t\t\t\te.sliderLayout = \"fullscreen\";\r\n\t\t\t\t\te.fullScreenAutoWidth='off';\r\n\t\t\t\t\te.fullScreenAlignForce='off';\r\n\t\t\t\t\te.fullScreenOffsetContainer= '';\r\n\t\t\t\t\te.fullScreenOffset='';\r\n\t\t\t\t\tif(e.responsiveLevels&&(jQuery.each(e.responsiveLevels,function(e,f){f>i&&(t=r=f,l=e),i>f&&f>r&&(r=f,n=e)}),t>r&&(l=n)),f=e.gridheight[l]||e.gridheight[0]||e.gridheight,s=e.gridwidth[l]||e.gridwidth[0]||e.gridwidth,h=i\/s,h=h>1?1:h,f=Math.round(h*f),\"fullscreen\"==e.sliderLayout){var u=(e.c.width(),jQuery(window).height());if(void 0!=e.fullScreenOffsetContainer){var c=e.fullScreenOffsetContainer.split(\",\");if (c) jQuery.each(c,function(e,i){u=jQuery(i).length>0?u-jQuery(i).outerHeight(!0):u}),e.fullScreenOffset.split(\"%\").length>1&&void 0!=e.fullScreenOffset&&e.fullScreenOffset.length>0?u-=jQuery(window).height()*parseInt(e.fullScreenOffset,0)\/100:void 0!=e.fullScreenOffset&&e.fullScreenOffset.length>0&&(u-=parseInt(e.fullScreenOffset,0))}f=u}else void 0!=e.minHeight&&f<e.minHeight&&(f=e.minHeight);e.c.closest(\".rev_slider_wrapper\").css({height:f})\r\n\t\t\t\t\t\r\n\t\t\t\t}catch(d){console.log(\"Failure at Presize of Slider:\"+d)}\r\n\t\t\t};\r\n\t\t\t\r\n\t\t\tsetREVStartSize();\r\n\t\t\t\r\n\t\t\t\t\t\tvar tpj=jQuery;\r\n\t\t\t\r\n\t\t\tvar revapi14;\r\n\t\t\ttpj(document).ready(function() {\n\t\t\t\tif(tpj(\"#rev_slider_14_1\").revolution == undefined){\n\t\t\t\t\trevslider_showDoubleJqueryError(\"#rev_slider_14_1\");\n\t\t\t\t}else{\n\t\t\t\t\trevapi14 = tpj(\"#rev_slider_14_1\").show().revolution({\n\t\t\t\t\t\tsliderType:\"standard\",\njsFileLocation:\"\/\/www.destinationwedding.com.br\/blog\/wp-content\/plugins\/revslider\/public\/assets\/js\/\",\n\t\t\t\t\t\tsliderLayout:\"fullscreen\",\n\t\t\t\t\t\tdottedOverlay:\"none\",\n\t\t\t\t\t\tdelay:9000,\n\t\t\t\t\t\tnavigation: {\n\t\t\t\t\t\t\tonHoverStop:\"on\",\n\t\t\t\t\t\t},\n\t\t\t\t\t\tvisibilityLevels:[1240,1024,778,480],\n\t\t\t\t\t\tgridwidth:1240,\n\t\t\t\t\t\tgridheight:610,\n\t\t\t\t\t\tlazyType:\"none\",\n\t\t\t\t\t\tparallax: {\n\t\t\t\t\t\t\ttype:\"mouse\",\n\t\t\t\t\t\t\torigo:\"enterpoint\",\n\t\t\t\t\t\t\tspeed:400,\n\t\t\t\t\t\t\tlevels:[5,10,15,20,25,30,35,40,45,46,47,48,49,50,51,55],\n\t\t\t\t\t\t\ttype:\"mouse\",\n\t\t\t\t\t\t\tdisable_onmobile:\"on\"\n\t\t\t\t\t\t},\n\t\t\t\t\t\tshadow:0,\n\t\t\t\t\t\tspinner:\"off\",\n\t\t\t\t\t\tstopLoop:\"off\",\n\t\t\t\t\t\tstopAfterLoops:-1,\n\t\t\t\t\t\tstopAtSlide:-1,\n\t\t\t\t\t\tshuffle:\"off\",\n\t\t\t\t\t\tautoHeight:\"off\",\n\t\t\t\t\t\tfullScreenAutoWidth:\"off\",\n\t\t\t\t\t\tfullScreenAlignForce:\"off\",\n\t\t\t\t\t\tfullScreenOffsetContainer: \"\",\n\t\t\t\t\t\tfullScreenOffset: \"\",\n\t\t\t\t\t\tdisableProgressBar:\"on\",\n\t\t\t\t\t\thideThumbsOnMobile:\"off\",\n\t\t\t\t\t\thideSliderAtLimit:0,\n\t\t\t\t\t\thideCaptionAtLimit:0,\n\t\t\t\t\t\thideAllCaptionAtLilmit:0,\n\t\t\t\t\t\tdebugMode:false,\n\t\t\t\t\t\tfallbacks: {\n\t\t\t\t\t\t\tsimplifyAll:\"off\",\n\t\t\t\t\t\t\tnextSlideOnWindowFocus:\"off\",\n\t\t\t\t\t\t\tdisableFocusListener:false,\n\t\t\t\t\t\t}\n\t\t\t\t\t});\n\t\t\t\t}\n\t\t\t});\t\/*ready*\/\n\t\t<\/script>\r\n\t\t<\/div><!-- END REVOLUTION SLIDER -->[\/vc_column][\/vc_row][vc_row el_id=\u00bbinterna-header\u00bb css=\u00bb.vc_custom_1479599023208{margin-top: 60px !important;margin-bottom: 30px !important;}\u00bb][vc_column]<div class=\"vntd-special-heading\"style=\"margin-bottom:0px;\"><h1 class=\"header  animated\" data-animation=\"fadeIn\" data-animation-delay=\"100\">Luna de Miel<\/h1><div class=\"header-strips-one  animated\" data-animation=\"fadeIn\" data-animation-delay=\"100\"><\/div><\/div>[vc_column_text]<\/p>\n<div class=\"divisor\"><\/div>\n<p>[\/vc_column_text][\/vc_column][\/vc_row][vc_row css=\u00bb.vc_custom_1480219511133{padding-bottom: 40px !important;}\u00bb][vc_column][vc_images_carousel images=\u00bb2878,2876,2875,2874,2873,2872&#8243; img_size=\u00bbfull\u00bb captions=\u00bbnone\u00bb fullscreen=\u00bbyes\u00bb][\/vc_column][\/vc_row][vc_row el_id=\u00bbconteudo-interna\u00bb el_class=\u00bbslim-width\u00bb][vc_column][vc_column_text]\u00bfAlguna vez ha pensado en Chile como destino para su luna de miel? Este pa\u00eds de extremos ofrece muchas opciones para un itinerario rom\u00e1ntico, ya sea para una pareja que ama el lujo, o est\u00e1 buscando una aventura, o para los amantes del vino y la gastronom\u00eda. \u00a1Tiene algo para todos!<\/p>\n<p>Nuestra empresa se ha asociado con hoteles de todo Chile, ofreciendo a la pareja una luna de miel diferenciada, as\u00ed como la asistencia completa para crear el itinerario de viaje de acuerdo con el gusto y el perfil de cada pareja.<\/p>\n<p>\u00a1Nos ocupamos de todos los detalles para que su luna de miel est\u00e9 llena de encantos! \u00a1Nuestros tours son personalizados y puede contar con los conocimientos de los profesionales que viven en Chile y que le dar\u00e1n todo el apoyo y el asesoramiento que s\u00f3lo los lugare\u00f1os tienen!<\/p>\n<p>Destinos:<\/p>\n<ul>\n<li>Santiago y sus alrededores<\/li>\n<li>Ruta del vino<\/li>\n<li>Estaciones de esqu\u00ed<\/li>\n<li>Desierto de Atacama<\/li>\n<li>Patagonia<\/li>\n<li>Regi\u00f3n de los lagos y volcanes<\/li>\n<li>Isla de Pascua<\/li>\n<\/ul>\n<p>[\/vc_column_text][\/vc_column][\/vc_row][vc_row][vc_column][vc_column_text]<\/p>\n<div class=\"botao-servicos\">Cu\u00e9ntenos m\u00e1s sobre lo que est\u00e1 buscando.<br \/>\n<a href=\"http:\/\/www.destinationwedding.com.br\/contato\/\">\u00a1HAGA CLIC AQU\u00cd!<\/a><\/div>\n<p>[\/vc_column_text][\/vc_column][\/vc_row][vc_row css=\u00bb.vc_custom_1479686279774{margin-bottom: 35px !important;}\u00bb][vc_column]<div class=\"vntd-team-carousel team\" style=\"backgorund: ##faf3f1;\"><div class=\"services-grou t-center\">\n\t\t<div class=\"item\">\n\t\t\t<!-- Box Inner -->\n\t\t\t<div class=\"box-inner\">\n\t\t\t\t<!-- Team Member Image -->\n\t\t\t\t<div class=\"member-image\" style=\"background: url('https:\/\/www.destinationwedding.com.br\/blog\/wp-content\/uploads\/2014\/06\/casaradois-1024x438.jpg') center center no-repeat; background-size: cover;\">\n\t\t\t\t\t<!-- Image -->\n\t\t\t\t<\/div>\n\t\t\t\t<!-- Team Member Details -->\n\t\t\t\t<div class=\"member-details\">\n\t\t\t\t\t<!-- Name and Position -->\n\t\t\t\t\t<div class=\"member-name\">\n\t\t\t\t\t\t<!-- Member Name -->\n\t\t\t\t\t\t<h1 class=\"name no-padding no-margin\">\n\t\t\t\t\t\t\tDestination Wedding solo para dos\t\t\t\t\t\t<\/h1>\n\t\t\t\t\t<\/div>\n\t\t\t\t\t<!-- End Team Member Details -->\n\n\t\t\t\t\t<!-- Member Details -->\n\t\t\t\t\t<div class=\"details\">\n\t\t\t\t\t\t<!-- Description -->\n\t\t\t\t\t\t<p class=\"member-description normal\">\n\t\t\t\t\t\t\tEl Destination Wedding solo para dos es la oportunidad perfecta para combinar una celebraci\u00f3n \u00edntima a un viaje de luna de miel rom\u00e1ntico.\r\n\t\t\t\t\t\t\t<div class=\"vc_icon_element vc_icon_element-outer wpb_animate_when_almost_visible wpb_appear vc_icon_element-align-center vc_icon_element-have-style wpb_start_animation fadeInLeft visible\">\n\t\t\t\t\t\t\t\t<a href=\"\/destination-wedding-solo-para-dos\/\">\n\t\t\t\t\t\t\t\t\t<div class=\"vc_icon_element-inner vc_icon_element-color-white vc_icon_element-have-style-inner vc_icon_element-size-xs vc_icon_element-style-rounded vc_icon_element-background vc_icon_element-background-color-custom\" style=\"background-color:#c191c1\"><span class=\"vc_icon_element-icon fa fa-plus\"><\/span><\/div>\n\t\t\t\t\t\t\t\t<\/a>\n\t\t\t\t\t\t\t<\/div>\n\t\t\t\t\t<\/div><!-- End Member Details -->\n\t\t\t\t<\/div><!-- End Team Member Details -->\n\t\t\t<\/div><!-- End Team Box Inner -->\n\t\t<\/div><!-- End Team Box -->\n\n\t\t\n\t\t<div class=\"item\">\n\t\t\t<!-- Box Inner -->\n\t\t\t<div class=\"box-inner\">\n\t\t\t\t<!-- Team Member Image -->\n\t\t\t\t<div class=\"member-image\" style=\"background: url('https:\/\/www.destinationwedding.com.br\/blog\/wp-content\/uploads\/2014\/06\/Home-servi\u00e7os-mini-destination-wedding.jpg') center center no-repeat; background-size: cover;\">\n\t\t\t\t\t<!-- Image -->\n\t\t\t\t<\/div>\n\t\t\t\t<!-- Team Member Details -->\n\t\t\t\t<div class=\"member-details\">\n\t\t\t\t\t<!-- Name and Position -->\n\t\t\t\t\t<div class=\"member-name\">\n\t\t\t\t\t\t<!-- Member Name -->\n\t\t\t\t\t\t<h1 class=\"name no-padding no-margin\">\n\t\t\t\t\t\t\tDestination Wedding\t\t\t\t\t\t<\/h1>\n\t\t\t\t\t<\/div>\n\t\t\t\t\t<!-- End Team Member Details -->\n\n\t\t\t\t\t<!-- Member Details -->\n\t\t\t\t\t<div class=\"details\">\n\t\t\t\t\t\t<!-- Description -->\n\t\t\t\t\t\t<p class=\"member-description normal\">\n\t\t\t\t\t\t\tOrganizamos celebraciones desde peque\u00f1os grupos hasta grandes eventos para muchos invitados.\r\n\r\n\t\t\t\t\t\t\t<div class=\"vc_icon_element vc_icon_element-outer wpb_animate_when_almost_visible wpb_appear vc_icon_element-align-center vc_icon_element-have-style wpb_start_animation fadeInLeft visible\">\n\t\t\t\t\t\t\t\t<a href=\"\/destination-wedding\/\">\n\t\t\t\t\t\t\t\t\t<div class=\"vc_icon_element-inner vc_icon_element-color-white vc_icon_element-have-style-inner vc_icon_element-size-xs vc_icon_element-style-rounded vc_icon_element-background vc_icon_element-background-color-custom\" style=\"background-color:#c191c1\"><span class=\"vc_icon_element-icon fa fa-plus\"><\/span><\/div>\n\t\t\t\t\t\t\t\t<\/a>\n\t\t\t\t\t\t\t<\/div>\n\t\t\t\t\t<\/div><!-- End Member Details -->\n\t\t\t\t<\/div><!-- End Team Member Details -->\n\t\t\t<\/div><!-- End Team Box Inner -->\n\t\t<\/div><!-- End Team Box -->\n\n\t\t\n\t\t<div class=\"item\">\n\t\t\t<!-- Box Inner -->\n\t\t\t<div class=\"box-inner\">\n\t\t\t\t<!-- Team Member Image -->\n\t\t\t\t<div class=\"member-image\" style=\"background: url('https:\/\/www.destinationwedding.com.br\/blog\/wp-content\/uploads\/2014\/06\/home-servicos-renovacao-de-votos-e1479650094995.jpg') center center no-repeat; background-size: cover;\">\n\t\t\t\t\t<!-- Image -->\n\t\t\t\t<\/div>\n\t\t\t\t<!-- Team Member Details -->\n\t\t\t\t<div class=\"member-details\">\n\t\t\t\t\t<!-- Name and Position -->\n\t\t\t\t\t<div class=\"member-name\">\n\t\t\t\t\t\t<!-- Member Name -->\n\t\t\t\t\t\t<h1 class=\"name no-padding no-margin\">\n\t\t\t\t\t\t\tRenovaci\u00f3n de Votos\t\t\t\t\t\t<\/h1>\n\t\t\t\t\t<\/div>\n\t\t\t\t\t<!-- End Team Member Details -->\n\n\t\t\t\t\t<!-- Member Details -->\n\t\t\t\t\t<div class=\"details\">\n\t\t\t\t\t\t<!-- Description -->\n\t\t\t\t\t\t<p class=\"member-description normal\">\n\t\t\t\t\t\t\tMuchas parejas sue\u00f1an con hacer una nueva celebraci\u00f3n de su uni\u00f3n y amor.\r\n\t\t\t\t\t\t\t<div class=\"vc_icon_element vc_icon_element-outer wpb_animate_when_almost_visible wpb_appear vc_icon_element-align-center vc_icon_element-have-style wpb_start_animation fadeInLeft visible\">\n\t\t\t\t\t\t\t\t<a href=\"\/renovacion-de-votos\/\">\n\t\t\t\t\t\t\t\t\t<div class=\"vc_icon_element-inner vc_icon_element-color-white vc_icon_element-have-style-inner vc_icon_element-size-xs vc_icon_element-style-rounded vc_icon_element-background vc_icon_element-background-color-custom\" style=\"background-color:#c191c1\"><span class=\"vc_icon_element-icon fa fa-plus\"><\/span><\/div>\n\t\t\t\t\t\t\t\t<\/a>\n\t\t\t\t\t\t\t<\/div>\n\t\t\t\t\t<\/div><!-- End Member Details -->\n\t\t\t\t<\/div><!-- End Team Member Details -->\n\t\t\t<\/div><!-- End Team Box Inner -->\n\t\t<\/div><!-- End Team Box -->\n\n\t\t\n\t\t<div class=\"item\">\n\t\t\t<!-- Box Inner -->\n\t\t\t<div class=\"box-inner\">\n\t\t\t\t<!-- Team Member Image -->\n\t\t\t\t<div class=\"member-image\" style=\"background: url('https:\/\/www.destinationwedding.com.br\/blog\/wp-content\/uploads\/2016\/11\/Home-servicos-Pedido-de-casamento.jpg') center center no-repeat; background-size: cover;\">\n\t\t\t\t\t<!-- Image -->\n\t\t\t\t<\/div>\n\t\t\t\t<!-- Team Member Details -->\n\t\t\t\t<div class=\"member-details\">\n\t\t\t\t\t<!-- Name and Position -->\n\t\t\t\t\t<div class=\"member-name\">\n\t\t\t\t\t\t<!-- Member Name -->\n\t\t\t\t\t\t<h1 class=\"name no-padding no-margin\">\n\t\t\t\t\t\t\tPedido de Matrimonio\t\t\t\t\t\t<\/h1>\n\t\t\t\t\t<\/div>\n\t\t\t\t\t<!-- End Team Member Details -->\n\n\t\t\t\t\t<!-- Member Details -->\n\t\t\t\t\t<div class=\"details\">\n\t\t\t\t\t\t<!-- Description -->\n\t\t\t\t\t\t<p class=\"member-description normal\">\n\t\t\t\t\t\t\t\u00bfUsted viene a Chile con su novia(o) y quisiera pedirle matrimonio?\r\n\t\t\t\t\t\t\t<div class=\"vc_icon_element vc_icon_element-outer wpb_animate_when_almost_visible wpb_appear vc_icon_element-align-center vc_icon_element-have-style wpb_start_animation fadeInLeft visible\">\n\t\t\t\t\t\t\t\t<a href=\"\/pedido-de-matrimonio\/\">\n\t\t\t\t\t\t\t\t\t<div class=\"vc_icon_element-inner vc_icon_element-color-white vc_icon_element-have-style-inner vc_icon_element-size-xs vc_icon_element-style-rounded vc_icon_element-background vc_icon_element-background-color-custom\" style=\"background-color:#c191c1\"><span class=\"vc_icon_element-icon fa fa-plus\"><\/span><\/div>\n\t\t\t\t\t\t\t\t<\/a>\n\t\t\t\t\t\t\t<\/div>\n\t\t\t\t\t<\/div><!-- End Member Details -->\n\t\t\t\t<\/div><!-- End Team Member Details -->\n\t\t\t<\/div><!-- End Team Box Inner -->\n\t\t<\/div><!-- End Team Box -->\n\n\t\t\n\t\t<div class=\"item\">\n\t\t\t<!-- Box Inner -->\n\t\t\t<div class=\"box-inner\">\n\t\t\t\t<!-- Team Member Image -->\n\t\t\t\t<div class=\"member-image\" style=\"background: url('https:\/\/www.destinationwedding.com.br\/blog\/wp-content\/uploads\/2011\/11\/Home-Ensaio-Fotogr\u00e1fico1.jpg') center center no-repeat; background-size: cover;\">\n\t\t\t\t\t<!-- Image -->\n\t\t\t\t<\/div>\n\t\t\t\t<!-- Team Member Details -->\n\t\t\t\t<div class=\"member-details\">\n\t\t\t\t\t<!-- Name and Position -->\n\t\t\t\t\t<div class=\"member-name\">\n\t\t\t\t\t\t<!-- Member Name -->\n\t\t\t\t\t\t<h1 class=\"name no-padding no-margin\">\n\t\t\t\t\t\t\tSesi\u00f3n Fotogr\u00e1fica\t\t\t\t\t\t<\/h1>\n\t\t\t\t\t<\/div>\n\t\t\t\t\t<!-- End Team Member Details -->\n\n\t\t\t\t\t<!-- Member Details -->\n\t\t\t\t\t<div class=\"details\">\n\t\t\t\t\t\t<!-- Description -->\n\t\t\t\t\t\t<p class=\"member-description normal\">\n\t\t\t\t\t\t\tDise\u00f1ado para parejas que est\u00e9n viajando a Chile y les gustar\u00eda tener la oportunidad de hacer una hermosa sesi\u00f3n fotogr\u00e1fica, disfrutando de los paisajes \u00fanicos que ofrece este pa\u00eds.\r\n\t\t\t\t\t\t\t<div class=\"vc_icon_element vc_icon_element-outer wpb_animate_when_almost_visible wpb_appear vc_icon_element-align-center vc_icon_element-have-style wpb_start_animation fadeInLeft visible\">\n\t\t\t\t\t\t\t\t<a href=\"\/sesion-fotografica\/\">\n\t\t\t\t\t\t\t\t\t<div class=\"vc_icon_element-inner vc_icon_element-color-white vc_icon_element-have-style-inner vc_icon_element-size-xs vc_icon_element-style-rounded vc_icon_element-background vc_icon_element-background-color-custom\" style=\"background-color:#c191c1\"><span class=\"vc_icon_element-icon fa fa-plus\"><\/span><\/div>\n\t\t\t\t\t\t\t\t<\/a>\n\t\t\t\t\t\t\t<\/div>\n\t\t\t\t\t<\/div><!-- End Member Details -->\n\t\t\t\t<\/div><!-- End Team Member Details -->\n\t\t\t<\/div><!-- End Team Box Inner -->\n\t\t<\/div><!-- End Team Box -->\n\n\t\t\n\t\t<div class=\"item\">\n\t\t\t<!-- Box Inner -->\n\t\t\t<div class=\"box-inner\">\n\t\t\t\t<!-- Team Member Image -->\n\t\t\t\t<div class=\"member-image\" style=\"background: url('https:\/\/www.destinationwedding.com.br\/blog\/wp-content\/uploads\/2016\/11\/Home-servi\u00e7os-lua-de-mel.jpg') center center no-repeat; background-size: cover;\">\n\t\t\t\t\t<!-- Image -->\n\t\t\t\t<\/div>\n\t\t\t\t<!-- Team Member Details -->\n\t\t\t\t<div class=\"member-details\">\n\t\t\t\t\t<!-- Name and Position -->\n\t\t\t\t\t<div class=\"member-name\">\n\t\t\t\t\t\t<!-- Member Name -->\n\t\t\t\t\t\t<h1 class=\"name no-padding no-margin\">\n\t\t\t\t\t\t\tLuna de Miel\t\t\t\t\t\t<\/h1>\n\t\t\t\t\t<\/div>\n\t\t\t\t\t<!-- End Team Member Details -->\n\n\t\t\t\t\t<!-- Member Details -->\n\t\t\t\t\t<div class=\"details\">\n\t\t\t\t\t\t<!-- Description -->\n\t\t\t\t\t\t<p class=\"member-description normal\">\n\t\t\t\t\t\t\t\u00bfAlguna vez ha pensado en Chile como destino para su luna de miel?\r\n\r\n\t\t\t\t\t\t\t<div class=\"vc_icon_element vc_icon_element-outer wpb_animate_when_almost_visible wpb_appear vc_icon_element-align-center vc_icon_element-have-style wpb_start_animation fadeInLeft visible\">\n\t\t\t\t\t\t\t\t<a href=\"\/luna-de-miel\/\">\n\t\t\t\t\t\t\t\t\t<div class=\"vc_icon_element-inner vc_icon_element-color-white vc_icon_element-have-style-inner vc_icon_element-size-xs vc_icon_element-style-rounded vc_icon_element-background vc_icon_element-background-color-custom\" style=\"background-color:#c191c1\"><span class=\"vc_icon_element-icon fa fa-plus\"><\/span><\/div>\n\t\t\t\t\t\t\t\t<\/a>\n\t\t\t\t\t\t\t<\/div>\n\t\t\t\t\t<\/div><!-- End Member Details -->\n\t\t\t\t<\/div><!-- End Team Member Details -->\n\t\t\t<\/div><!-- End Team Box Inner -->\n\t\t<\/div><!-- End Team Box -->\n\n\t\t\n\t\t<div class=\"item\">\n\t\t\t<!-- Box Inner -->\n\t\t\t<div class=\"box-inner\">\n\t\t\t\t<!-- Team Member Image -->\n\t\t\t\t<div class=\"member-image\" style=\"background: url('https:\/\/www.destinationwedding.com.br\/blog\/wp-content\/uploads\/2016\/11\/home-servicos-rota-de-vinhos.jpg') center center no-repeat; background-size: cover;\">\n\t\t\t\t\t<!-- Image -->\n\t\t\t\t<\/div>\n\t\t\t\t<!-- Team Member Details -->\n\t\t\t\t<div class=\"member-details\">\n\t\t\t\t\t<!-- Name and Position -->\n\t\t\t\t\t<div class=\"member-name\">\n\t\t\t\t\t\t<!-- Member Name -->\n\t\t\t\t\t\t<h1 class=\"name no-padding no-margin\">\n\t\t\t\t\t\t\tRuta del Vino\t\t\t\t\t\t<\/h1>\n\t\t\t\t\t<\/div>\n\t\t\t\t\t<!-- End Team Member Details -->\n\n\t\t\t\t\t<!-- Member Details -->\n\t\t\t\t\t<div class=\"details\">\n\t\t\t\t\t\t<!-- Description -->\n\t\t\t\t\t\t<p class=\"member-description normal\">\n\t\t\t\t\t\t\tLos valles de vino son el perfecto escape rom\u00e1ntico para parejas y grupos que deseen pasar unos d\u00edas preciosos conociendo las m\u00e1s bellas y variadas vi\u00f1as que ofrece Chile.\r\n\r\n\t\t\t\t\t\t\t<div class=\"vc_icon_element vc_icon_element-outer wpb_animate_when_almost_visible wpb_appear vc_icon_element-align-center vc_icon_element-have-style wpb_start_animation fadeInLeft visible\">\n\t\t\t\t\t\t\t\t<a href=\"\/ruta-del-vino\/\">\n\t\t\t\t\t\t\t\t\t<div class=\"vc_icon_element-inner vc_icon_element-color-white vc_icon_element-have-style-inner vc_icon_element-size-xs vc_icon_element-style-rounded vc_icon_element-background vc_icon_element-background-color-custom\" style=\"background-color:#c191c1\"><span class=\"vc_icon_element-icon fa fa-plus\"><\/span><\/div>\n\t\t\t\t\t\t\t\t<\/a>\n\t\t\t\t\t\t\t<\/div>\n\t\t\t\t\t<\/div><!-- End Member Details -->\n\t\t\t\t<\/div><!-- End Team Member Details -->\n\t\t\t<\/div><!-- End Team Box Inner -->\n\t\t<\/div><!-- End Team Box -->\n\n\t\t<\/div><\/div>[\/vc_column][\/vc_row]<\/p>\n<\/div>","protected":false},"excerpt":{"rendered":"<p>[vc_row el_id=\u00bbfirst\u00bb content_width=\u00bbfullwidth\u00bb css=\u00bb.vc_custom_1405468057223{padding-top: 0px !important;padding-bottom: 0px !important;}\u00bb][vc_column][\/vc_column][\/vc_row][vc_row el_id=\u00bbinterna-header\u00bb css=\u00bb.vc_custom_1479599023208{margin-top: 60px !important;margin-bottom: 30px !important;}\u00bb][vc_column][vc_column_text] [\/vc_column_text][\/vc_column][\/vc_row][vc_row css=\u00bb.vc_custom_1480219511133{padding-bottom: 40px !important;}\u00bb][vc_column][vc_images_carousel images=\u00bb2878,2876,2875,2874,2873,2872&#8243; img_size=\u00bbfull\u00bb captions=\u00bbnone\u00bb fullscreen=\u00bbyes\u00bb][\/vc_column][\/vc_row][vc_row el_id=\u00bbconteudo-interna\u00bb el_class=\u00bbslim-width\u00bb][vc_column][vc_column_text]\u00bfAlguna vez ha pensado en Chile como destino para su luna de miel? Este pa\u00eds de extremos ofrece muchas opciones para un itinerario rom\u00e1ntico, ya sea para una pareja que ama el lujo, o est\u00e1 buscando una aventura, o para los amantes del vino y la gastronom\u00eda. [&hellip;]<\/p>\n","protected":false},"author":1,"featured_media":0,"parent":0,"menu_order":0,"comment_status":"closed","ping_status":"closed","template":"","meta":{"_exactmetrics_skip_tracking":false,"_exactmetrics_sitenote_active":false,"_exactmetrics_sitenote_note":"","_exactmetrics_sitenote_category":0,"footnotes":""},"class_list":["post-2467","page","type-page","status-publish","hentry"],"_links":{"self":[{"href":"https:\/\/www.destinationwedding.com.br\/es\/wp-json\/wp\/v2\/pages\/2467","targetHints":{"allow":["GET"]}}],"collection":[{"href":"https:\/\/www.destinationwedding.com.br\/es\/wp-json\/wp\/v2\/pages"}],"about":[{"href":"https:\/\/www.destinationwedding.com.br\/es\/wp-json\/wp\/v2\/types\/page"}],"author":[{"embeddable":true,"href":"https:\/\/www.destinationwedding.com.br\/es\/wp-json\/wp\/v2\/users\/1"}],"replies":[{"embeddable":true,"href":"https:\/\/www.destinationwedding.com.br\/es\/wp-json\/wp\/v2\/comments?post=2467"}],"version-history":[{"count":13,"href":"https:\/\/www.destinationwedding.com.br\/es\/wp-json\/wp\/v2\/pages\/2467\/revisions"}],"predecessor-version":[{"id":3344,"href":"https:\/\/www.destinationwedding.com.br\/es\/wp-json\/wp\/v2\/pages\/2467\/revisions\/3344"}],"wp:attachment":[{"href":"https:\/\/www.destinationwedding.com.br\/es\/wp-json\/wp\/v2\/media?parent=2467"}],"curies":[{"name":"wp","href":"https:\/\/api.w.org\/{rel}","templated":true}]}}