{"id":2309,"date":"2016-11-19T23:39:24","date_gmt":"2016-11-19T23:39:24","guid":{"rendered":"http:\/\/www.destinationwedding.com.br\/blog\/?page_id=2309"},"modified":"2017-03-18T21:55:37","modified_gmt":"2017-03-18T21:55:37","slug":"destination-wedding-personalizado","status":"publish","type":"page","link":"https:\/\/www.destinationwedding.com.br\/es\/destination-wedding-personalizado\/","title":{"rendered":"Destination Wedding Personalizado"},"content":{"rendered":"<div class=\"wpb-content-wrapper\"><p>[vc_row el_id=\u00bbfirst\u00bb content_width=\u00bbfullwidth\u00bb css=\u00bb.vc_custom_1405468057223{padding-top: 0px !important;padding-bottom: 0px !important;}\u00bb][vc_column]\n<div id=\"rev_slider_4_1_wrapper\" class=\"rev_slider_wrapper fullscreen-container\" style=\"background-color:#0a0a0a;padding:0px;\">\n<!-- START REVOLUTION SLIDER 5.2.6 fullscreen mode -->\n\t<div id=\"rev_slider_4_1\" class=\"rev_slider fullscreenbanner\" style=\"display:none;\" data-version=\"5.2.6\">\n<ul>\t<!-- SLIDE  -->\n\t<li data-index=\"rs-18\" data-transition=\"fade\" data-slotamount=\"default\" data-hideafterloop=\"0\" data-hideslideonmobile=\"off\"  data-easein=\"default\" data-easeout=\"default\" data-masterspeed=\"300\"  data-rotate=\"0\"  data-saveperformance=\"off\"  data-title=\"Slide\" data-param1=\"\" data-param2=\"\" data-param3=\"\" data-param4=\"\" data-param5=\"\" data-param6=\"\" data-param7=\"\" data-param8=\"\" data-param9=\"\" data-param10=\"\" data-description=\"\">\n\t\t<!-- MAIN IMAGE -->\n\t\t<img loading=\"lazy\" decoding=\"async\" src=\"https:\/\/www.destinationwedding.com.br\/blog\/wp-content\/uploads\/2016\/11\/weddingplanner.jpg\"  alt=\"\" title=\"weddingplanner\"  width=\"2000\" height=\"1333\" data-bgposition=\"center center\" data-bgfit=\"cover\" data-bgrepeat=\"no-repeat\" data-bgparallax=\"7\" class=\"rev-slidebg\" data-no-retina>\n\t\t<!-- LAYERS -->\n\n\t\t<!-- LAYER NR. 1 -->\n\t\t<h1 class=\"tp-caption   tp-resizeme\" \n\t\t\t id=\"slide-18-layer-1\" \n\t\t\t data-x=\"center\" data-hoffset=\"\" \n\t\t\t data-y=\"center\" data-voffset=\"-11\" \n\t\t\t\t\t\tdata-width=\"['auto']\"\n\t\t\tdata-height=\"['auto']\"\n\t\t\tdata-transform_idle=\"o:1;\"\n \n\t\t\t data-transform_in=\"opacity:0;s:300;e:Power2.easeInOut;\" \n\t\t\t data-transform_out=\"opacity:0;s:300;\" \n\t\t\tdata-start=\"500\" \n\t\t\tdata-splitin=\"none\" \n\t\t\tdata-splitout=\"none\" \n\t\t\tdata-responsive_offset=\"on\" \n\n\t\t\t\n\t\t\tstyle=\"z-index: 5; white-space: nowrap; font-size: 55px; line-height: 55px; font-weight: 400; color: rgba(167, 99, 163, 1.00);\"><div style=\"font-family: 'Champagne Bold'; text-shadow: 1px 1px 1px rgba(0, 0, 0, .1); color: #FFF; text-align: center;\">DESTINATION WEDDING <br \/>PERSONALIZADO <\/div> <\/h1>\n\n\t\t<!-- LAYER NR. 2 -->\n\t\t<div class=\"tp-caption   tp-resizeme\" \n\t\t\t id=\"slide-18-layer-5\" \n\t\t\t data-x=\"center\" data-hoffset=\"\" \n\t\t\t data-y=\"center\" data-voffset=\"240\" \n\t\t\t\t\t\tdata-width=\"['auto']\"\n\t\t\tdata-height=\"['auto']\"\n\t\t\tdata-transform_idle=\"o:1;\"\n \n\t\t\t data-transform_in=\"opacity:0;s:300;e:Power2.easeInOut;\" \n\t\t\t data-transform_out=\"opacity:0;s:300;\" \n\t\t\tdata-start=\"500\" \n\t\t\tdata-splitin=\"none\" \n\t\t\tdata-splitout=\"none\" \n\t\t\tdata-responsive_offset=\"on\" \n\n\t\t\t\n\t\t\tstyle=\"z-index: 6; white-space: nowrap; font-size: 20px; line-height: 22px; font-weight: 400; color: rgba(255, 255, 255, 1.00);\"> <\/div>\n\n\t\t<!-- LAYER NR. 3 -->\n\t\t<div class=\"tp-caption   tp-resizeme\" \n\t\t\t id=\"bt-slider\" \n\t\t\t data-x=\"center\" data-hoffset=\"\" \n\t\t\t data-y=\"center\" data-voffset=\"81\" \n\t\t\t\t\t\tdata-width=\"['none','none','none','none']\"\n\t\t\tdata-height=\"['none','none','none','none']\"\n\t\t\tdata-transform_idle=\"o:1;\"\n \n\t\t\t data-transform_in=\"opacity:0;s:300;e:Power2.easeInOut;\" \n\t\t\t data-transform_out=\"opacity:0;s:300;\" \n\t\t\tdata-start=\"500\" \n\t\t\tdata-actions='[{\"event\":\"click\",\"action\":\"scrollbelow\",\"offset\":\"-40px\",\"delay\":\"\"}]'\n\t\t\tdata-responsive_offset=\"on\" \n\n\t\t\t\n\t\t\tstyle=\"z-index: 7;\"><img loading=\"lazy\" decoding=\"async\" src=\"https:\/\/www.destinationwedding.com.br\/blog\/wp-content\/uploads\/2016\/11\/plus-white.png\" alt=\"\" width=\"40\" height=\"40\" data-ww=\"40px\" data-hh=\"40px\" data-no-retina> <\/div>\n\n\t\t<!-- LAYER NR. 4 -->\n\t\t<div class=\"tp-caption   tp-resizeme\" \n\t\t\t id=\"slide-18-layer-8\" \n\t\t\t data-x=\"center\" data-hoffset=\"\" \n\t\t\t data-y=\"195\" \n\t\t\t\t\t\tdata-width=\"['none','none','none','none']\"\n\t\t\tdata-height=\"['none','none','none','none']\"\n\t\t\tdata-transform_idle=\"o:1;\"\n \n\t\t\t data-transform_in=\"opacity:0;s:300;e:Power2.easeInOut;\" \n\t\t\t data-transform_out=\"opacity:0;s:300;\" \n\t\t\tdata-start=\"500\" \n\t\t\tdata-responsive_offset=\"on\" \n\n\t\t\t\n\t\t\tstyle=\"z-index: 8;\"><img loading=\"lazy\" decoding=\"async\" src=\"https:\/\/www.destinationwedding.com.br\/blog\/wp-content\/uploads\/2016\/11\/INTERNAS_arabescos.png\" alt=\"\" width=\"189\" height=\"38\" data-ww=\"189px\" data-hh=\"38px\" data-no-retina> <\/div>\n\t<\/li>\n<\/ul>\n<div class=\"tp-bannertimer tp-bottom\" style=\"visibility: hidden !important;\"><\/div>\t<\/div>\n<script>var htmlDiv = document.getElementById(\"rs-plugin-settings-inline-css\"); var htmlDivCss=\"\";\r\n\t\t\t\tif(htmlDiv) {\r\n\t\t\t\t\thtmlDiv.innerHTML = htmlDiv.innerHTML + htmlDivCss;\r\n\t\t\t\t}else{\r\n\t\t\t\t\tvar htmlDiv = document.createElement(\"div\");\r\n\t\t\t\t\thtmlDiv.innerHTML = \"<style>\" + htmlDivCss + \"<\/style>\";\r\n\t\t\t\t\tdocument.getElementsByTagName(\"head\")[0].appendChild(htmlDiv.childNodes[0]);\r\n\t\t\t\t}\r\n\t\t\t<\/script>\n\t\t<script type=\"text\/javascript\">\r\n\t\t\t\t\t\t\/******************************************\r\n\t\t\t\t-\tPREPARE PLACEHOLDER FOR SLIDER\t-\r\n\t\t\t******************************************\/\r\n\r\n\t\t\tvar setREVStartSize=function(){\r\n\t\t\t\ttry{var e=new Object,i=jQuery(window).width(),t=9999,r=0,n=0,l=0,f=0,s=0,h=0;\r\n\t\t\t\t\te.c = jQuery('#rev_slider_4_1');\r\n\t\t\t\t\te.gridwidth = [1240];\r\n\t\t\t\t\te.gridheight = [610];\r\n\t\t\t\t\t\t\t\r\n\t\t\t\t\te.sliderLayout = \"fullscreen\";\r\n\t\t\t\t\te.fullScreenAutoWidth='off';\r\n\t\t\t\t\te.fullScreenAlignForce='off';\r\n\t\t\t\t\te.fullScreenOffsetContainer= '';\r\n\t\t\t\t\te.fullScreenOffset='';\r\n\t\t\t\t\tif(e.responsiveLevels&&(jQuery.each(e.responsiveLevels,function(e,f){f>i&&(t=r=f,l=e),i>f&&f>r&&(r=f,n=e)}),t>r&&(l=n)),f=e.gridheight[l]||e.gridheight[0]||e.gridheight,s=e.gridwidth[l]||e.gridwidth[0]||e.gridwidth,h=i\/s,h=h>1?1:h,f=Math.round(h*f),\"fullscreen\"==e.sliderLayout){var u=(e.c.width(),jQuery(window).height());if(void 0!=e.fullScreenOffsetContainer){var c=e.fullScreenOffsetContainer.split(\",\");if (c) jQuery.each(c,function(e,i){u=jQuery(i).length>0?u-jQuery(i).outerHeight(!0):u}),e.fullScreenOffset.split(\"%\").length>1&&void 0!=e.fullScreenOffset&&e.fullScreenOffset.length>0?u-=jQuery(window).height()*parseInt(e.fullScreenOffset,0)\/100:void 0!=e.fullScreenOffset&&e.fullScreenOffset.length>0&&(u-=parseInt(e.fullScreenOffset,0))}f=u}else void 0!=e.minHeight&&f<e.minHeight&&(f=e.minHeight);e.c.closest(\".rev_slider_wrapper\").css({height:f})\r\n\t\t\t\t\t\r\n\t\t\t\t}catch(d){console.log(\"Failure at Presize of Slider:\"+d)}\r\n\t\t\t};\r\n\t\t\t\r\n\t\t\tsetREVStartSize();\r\n\t\t\t\r\n\t\t\t\t\t\tvar tpj=jQuery;\r\n\t\t\t\r\n\t\t\tvar revapi4;\r\n\t\t\ttpj(document).ready(function() {\n\t\t\t\tif(tpj(\"#rev_slider_4_1\").revolution == undefined){\n\t\t\t\t\trevslider_showDoubleJqueryError(\"#rev_slider_4_1\");\n\t\t\t\t}else{\n\t\t\t\t\trevapi4 = tpj(\"#rev_slider_4_1\").show().revolution({\n\t\t\t\t\t\tsliderType:\"standard\",\njsFileLocation:\"\/\/www.destinationwedding.com.br\/blog\/wp-content\/plugins\/revslider\/public\/assets\/js\/\",\n\t\t\t\t\t\tsliderLayout:\"fullscreen\",\n\t\t\t\t\t\tdottedOverlay:\"none\",\n\t\t\t\t\t\tdelay:9000,\n\t\t\t\t\t\tnavigation: {\n\t\t\t\t\t\t\tonHoverStop:\"on\",\n\t\t\t\t\t\t},\n\t\t\t\t\t\tvisibilityLevels:[1240,1024,778,480],\n\t\t\t\t\t\tgridwidth:1240,\n\t\t\t\t\t\tgridheight:610,\n\t\t\t\t\t\tlazyType:\"none\",\n\t\t\t\t\t\tparallax: {\n\t\t\t\t\t\t\ttype:\"mouse\",\n\t\t\t\t\t\t\torigo:\"enterpoint\",\n\t\t\t\t\t\t\tspeed:400,\n\t\t\t\t\t\t\tlevels:[5,10,15,20,25,30,35,40,45,46,47,48,49,50,51,55],\n\t\t\t\t\t\t\ttype:\"mouse\",\n\t\t\t\t\t\t\tdisable_onmobile:\"on\"\n\t\t\t\t\t\t},\n\t\t\t\t\t\tshadow:0,\n\t\t\t\t\t\tspinner:\"off\",\n\t\t\t\t\t\tstopLoop:\"off\",\n\t\t\t\t\t\tstopAfterLoops:-1,\n\t\t\t\t\t\tstopAtSlide:-1,\n\t\t\t\t\t\tshuffle:\"off\",\n\t\t\t\t\t\tautoHeight:\"off\",\n\t\t\t\t\t\tfullScreenAutoWidth:\"off\",\n\t\t\t\t\t\tfullScreenAlignForce:\"off\",\n\t\t\t\t\t\tfullScreenOffsetContainer: \"\",\n\t\t\t\t\t\tfullScreenOffset: \"\",\n\t\t\t\t\t\tdisableProgressBar:\"on\",\n\t\t\t\t\t\thideThumbsOnMobile:\"off\",\n\t\t\t\t\t\thideSliderAtLimit:0,\n\t\t\t\t\t\thideCaptionAtLimit:0,\n\t\t\t\t\t\thideAllCaptionAtLilmit:0,\n\t\t\t\t\t\tdebugMode:false,\n\t\t\t\t\t\tfallbacks: {\n\t\t\t\t\t\t\tsimplifyAll:\"off\",\n\t\t\t\t\t\t\tnextSlideOnWindowFocus:\"off\",\n\t\t\t\t\t\t\tdisableFocusListener:false,\n\t\t\t\t\t\t}\n\t\t\t\t\t});\n\t\t\t\t}\n\t\t\t});\t\/*ready*\/\n\t\t<\/script>\r\n\t\t<\/div><!-- END REVOLUTION SLIDER -->[\/vc_column][\/vc_row][vc_row el_id=\u00bbinterna-header\u00bb css=\u00bb.vc_custom_1479599023208{margin-top: 60px !important;margin-bottom: 30px !important;}\u00bb][vc_column]<div class=\"vntd-special-heading\"style=\"margin-bottom:0px;\"><h1 class=\"header  animated\" data-animation=\"fadeIn\" data-animation-delay=\"100\">Destination Wedding Personalizado<\/h1><div class=\"header-strips-one  animated\" data-animation=\"fadeIn\" data-animation-delay=\"100\"><\/div><\/div>[vc_column_text]<\/p>\n<div class=\"divisor\"><\/div>\n<p>[\/vc_column_text][\/vc_column][\/vc_row][vc_row el_id=\u00bbconteudo-interna\u00bb el_class=\u00bbslim-width\u00bb][vc_column][vc_column_text]En nuestra empresa dise\u00f1amos e implementamos no s\u00f3lo bodas impresionantes, sino tambi\u00e9n experiencias personales y \u00fanicas que se han creado cuidadosamente para ser un fiel reflejo de los novios.<\/p>\n<p>Si a ustedes no les gustan los paquetes que se adaptan a todos, \u00bfPor qu\u00e9 su boda deber\u00eda ser as\u00ed?<\/p>\n<p>Conozca m\u00e1s acerca de nuestro asesoramiento personalizado:<\/p>\n<h1 class=\"client-name\">DISE\u00d1O DE LA BODA<\/h1>\n<p>Comenzamos con una conversaci\u00f3n para entender el concepto y el estilo de su boda. De esta manera, podemos dise\u00f1ar su evento y buscar los lugares m\u00e1s apropiados.<\/p>\n<h1 class=\"client-name\">VISITA T\u00c9CNICA (OPCIONAL)<\/h1>\n<p>Acompa\u00f1amos a los novios en una visita t\u00e9cnica, d\u00f3nde podr\u00e1n conocer el lugar de la boda, hacer una cata del men\u00fa armonizado con vinos, y tambi\u00e9n conocer a otros proveedores, como fot\u00f3grafo, celebrante, etc.<\/p>\n<h1 class=\"client-name\">SOCIOS CREATIVOS<\/h1>\n<p>Hemos desarrollado una red local con los mejores socios para todos los estilos de bodas. Contratamos, gestionamos y hacemos el pago local a todos los proveedores.<\/p>\n<h1 class=\"client-name\">ASESOR\u00cdA DEL D\u00cdA<\/h1>\n<p>Nuestros servicios incluyen el asesoramiento del d\u00eda, el seguimiento del montaje, coordinaci\u00f3n de proveedores y ceremonial. \u00a1Nos ocupamos de todos los detalles para que todo sea perfecto!<\/p>\n<h1 class=\"client-name\">OTROS EVENTOS<\/h1>\n<p>Organizamos todos los eventos y tours pre y post boda, tales como c\u00f3cteles de bienvenida, <i>brunches<\/i>, excursiones, comidas y cenas, d\u00eda de spa, sesi\u00f3n fotogr\u00e1fica, entre otros. Tambi\u00e9n dise\u00f1amos itinerarios de luna de miel personalizados.<\/p>\n<h1 class=\"client-name\">SERVICIO DE CONCIERGE<\/h1>\n<p>Ofrecemos un servicio de <i>concierge<\/i> para los novios y sus invitados con la organizaci\u00f3n de transportes, excursiones y consejos para que todos tengan una gran experiencia durante el viaje. Tambi\u00e9n tenemos asociaci\u00f3n con muchos hoteles con acceso a tarifas diferenciadas.[\/vc_column_text][\/vc_column][\/vc_row][vc_row][vc_column][vc_column_text]<\/p>\n<p>[\/vc_column_text][\/vc_column][\/vc_row][vc_row][vc_column][vc_column_text]<\/p>\n<p>[\/vc_column_text][\/vc_column][\/vc_row][vc_row el_id=\u00bbdiferenciais\u00bb css=\u00bb.vc_custom_1483831203583{padding-top: 35px !important;}\u00bb][vc_column]<div class=\"vntd-special-heading\"style=\"margin-bottom:px;\"><h1 class=\"header  animated\" data-animation=\"fadeIn\" data-animation-delay=\"100\">Outros diferenciales<\/h1><div class=\"header-strips-one  animated\" data-animation=\"fadeIn\" data-animation-delay=\"100\"><\/div><\/div>[vc_row_inner css=\u00bb.vc_custom_1477018298571{padding-top: 20px !important;padding-right: 0px !important;padding-bottom: 0px !important;padding-left: 0px !important;}\u00bb el_class=\u00bbslim-width\u00bb][vc_column_inner width=\u00bb1\/4&#8243;]<div class=\"vntd-icon-box icon-box-centered animated box\" data-animation=\"fadeIn\" data-animation-delay=\"100\"><a href=\"\/destination-wedding-personalizado\/\" target=\"_self\" title=\"Destination Wedding personalizado\" class=\"icon-box-icon about-icon\"><i class=\"vc_li vc_li-user\"><\/i><\/a><h3 class=\"icon-box-title uppercase normal font-primary\">Destination Wedding personalizado<\/h3><p class=\"icon-description\"><\/p><\/div>[\/vc_column_inner][vc_column_inner width=\u00bb1\/4&#8243;]<div class=\"vntd-icon-box icon-box-centered animated box\" data-animation=\"fadeIn\" data-animation-delay=\"500\"><a href=\"\/somos-flexibles\/\" target=\"_self\" title=\"Somos flexibles\" class=\"icon-box-icon about-icon\"><i class=\"fa fa-flag-o\"><\/i><\/a><h3 class=\"icon-box-title uppercase normal font-primary\">Somos flexibles<\/h3><p class=\"icon-description\"><\/p><\/div>[\/vc_column_inner][vc_column_inner width=\u00bb1\/4&#8243;]<div class=\"vntd-icon-box icon-box-centered animated box\" data-animation=\"fadeIn\" data-animation-delay=\"700\"><a href=\"\/nuestra-empresa-esta-en-chile\/\" target=\"_self\" title=\"Nuestra empresa est\u00e1 en Chile\" class=\"icon-box-icon about-icon\"><i class=\"vc-oi vc-oi-location-inv\"><\/i><\/a><h3 class=\"icon-box-title uppercase normal font-primary\">Nuestra empresa est\u00e1 en Chile<\/h3><p class=\"icon-description\"><\/p><\/div>[\/vc_column_inner][vc_column_inner width=\u00bb1\/4&#8243;]<div class=\"vntd-icon-box icon-box-centered animated box\" data-animation=\"fadeIn\" data-animation-delay=\"900\"><a href=\"\/amamos-lo-que-hacemos\/\" target=\"_self\" title=\"\u00a1Amamos lo que hacemos!\" class=\"icon-box-icon about-icon\"><i class=\"fa fa-heart-o\"><\/i><\/a><h3 class=\"icon-box-title uppercase normal font-primary\">\u00a1Amamos lo que hacemos!<\/h3><p class=\"icon-description\"><\/p><\/div>[\/vc_column_inner][\/vc_row_inner][\/vc_column][\/vc_row]<\/p>\n<\/div>","protected":false},"excerpt":{"rendered":"<p>[vc_row el_id=\u00bbfirst\u00bb content_width=\u00bbfullwidth\u00bb css=\u00bb.vc_custom_1405468057223{padding-top: 0px !important;padding-bottom: 0px !important;}\u00bb][vc_column][\/vc_column][\/vc_row][vc_row el_id=\u00bbinterna-header\u00bb css=\u00bb.vc_custom_1479599023208{margin-top: 60px !important;margin-bottom: 30px !important;}\u00bb][vc_column][vc_column_text] [\/vc_column_text][\/vc_column][\/vc_row][vc_row el_id=\u00bbconteudo-interna\u00bb el_class=\u00bbslim-width\u00bb][vc_column][vc_column_text]En nuestra empresa dise\u00f1amos e implementamos no s\u00f3lo bodas impresionantes, sino tambi\u00e9n experiencias personales y \u00fanicas que se han creado cuidadosamente para ser un fiel reflejo de los novios. Si a ustedes no les gustan los paquetes que se adaptan a todos, \u00bfPor qu\u00e9 su boda deber\u00eda ser as\u00ed? Conozca m\u00e1s acerca de nuestro [&hellip;]<\/p>\n","protected":false},"author":1,"featured_media":0,"parent":0,"menu_order":0,"comment_status":"closed","ping_status":"closed","template":"","meta":{"_exactmetrics_skip_tracking":false,"_exactmetrics_sitenote_active":false,"_exactmetrics_sitenote_note":"","_exactmetrics_sitenote_category":0,"footnotes":""},"class_list":["post-2309","page","type-page","status-publish","hentry"],"_links":{"self":[{"href":"https:\/\/www.destinationwedding.com.br\/es\/wp-json\/wp\/v2\/pages\/2309","targetHints":{"allow":["GET"]}}],"collection":[{"href":"https:\/\/www.destinationwedding.com.br\/es\/wp-json\/wp\/v2\/pages"}],"about":[{"href":"https:\/\/www.destinationwedding.com.br\/es\/wp-json\/wp\/v2\/types\/page"}],"author":[{"embeddable":true,"href":"https:\/\/www.destinationwedding.com.br\/es\/wp-json\/wp\/v2\/users\/1"}],"replies":[{"embeddable":true,"href":"https:\/\/www.destinationwedding.com.br\/es\/wp-json\/wp\/v2\/comments?post=2309"}],"version-history":[{"count":24,"href":"https:\/\/www.destinationwedding.com.br\/es\/wp-json\/wp\/v2\/pages\/2309\/revisions"}],"predecessor-version":[{"id":3331,"href":"https:\/\/www.destinationwedding.com.br\/es\/wp-json\/wp\/v2\/pages\/2309\/revisions\/3331"}],"wp:attachment":[{"href":"https:\/\/www.destinationwedding.com.br\/es\/wp-json\/wp\/v2\/media?parent=2309"}],"curies":[{"name":"wp","href":"https:\/\/api.w.org\/{rel}","templated":true}]}}