{"id":2363,"date":"2016-11-20T00:43:27","date_gmt":"2016-11-20T00:43:27","guid":{"rendered":"http:\/\/www.destinationwedding.com.br\/blog\/?page_id=2363"},"modified":"2017-02-25T19:17:28","modified_gmt":"2017-02-25T19:17:28","slug":"outros-destinos","status":"publish","type":"page","link":"https:\/\/www.destinationwedding.com.br\/en\/other-destinations\/","title":{"rendered":"Other Destinations"},"content":{"rendered":"<div class=\"wpb-content-wrapper\"><p>[vc_row el_id=&#8221;first&#8221; content_width=&#8221;fullwidth&#8221; css=&#8221;.vc_custom_1405468057223{padding-top: 0px !important;padding-bottom: 0px !important;}&#8221;][vc_column]\n<div id=\"rev_slider_11_1_wrapper\" class=\"rev_slider_wrapper fullscreen-container\" style=\"background-color:#0a0a0a;padding:0px;\">\n<!-- START REVOLUTION SLIDER 5.2.6 fullscreen mode -->\n\t<div id=\"rev_slider_11_1\" class=\"rev_slider fullscreenbanner\" style=\"display:none;\" data-version=\"5.2.6\">\n<ul>\t<!-- SLIDE  -->\n\t<li data-index=\"rs-27\" data-transition=\"fade\" data-slotamount=\"default\" data-hideafterloop=\"0\" data-hideslideonmobile=\"off\"  data-easein=\"default\" data-easeout=\"default\" data-masterspeed=\"300\"  data-rotate=\"0\"  data-saveperformance=\"off\"  data-title=\"Slide\" data-param1=\"\" data-param2=\"\" data-param3=\"\" data-param4=\"\" data-param5=\"\" data-param6=\"\" data-param7=\"\" data-param8=\"\" data-param9=\"\" data-param10=\"\" data-description=\"\">\n\t\t<!-- MAIN IMAGE -->\n\t\t<img loading=\"lazy\" decoding=\"async\" src=\"https:\/\/www.destinationwedding.com.br\/blog\/wp-content\/uploads\/2016\/11\/Outros-destinos-Foto-HOME-e-topo-de-p\u00e1gina-interna.jpg\"  alt=\"\" title=\"outros-destinos-foto-home-e-topo-de-pagina-interna\"  width=\"1600\" height=\"1368\" data-bgposition=\"center center\" data-bgfit=\"cover\" data-bgrepeat=\"no-repeat\" data-bgparallax=\"7\" class=\"rev-slidebg\" data-no-retina>\n\t\t<!-- LAYERS -->\n\n\t\t<!-- LAYER NR. 1 -->\n\t\t<h1 class=\"tp-caption   tp-resizeme\" \n\t\t\t id=\"slide-27-layer-1\" \n\t\t\t data-x=\"center\" data-hoffset=\"\" \n\t\t\t data-y=\"center\" data-voffset=\"-11\" \n\t\t\t\t\t\tdata-width=\"['auto']\"\n\t\t\tdata-height=\"['auto']\"\n\t\t\tdata-transform_idle=\"o:1;\"\n \n\t\t\t data-transform_in=\"opacity:0;s:300;e:Power2.easeInOut;\" \n\t\t\t data-transform_out=\"opacity:0;s:300;\" \n\t\t\tdata-start=\"500\" \n\t\t\tdata-splitin=\"none\" \n\t\t\tdata-splitout=\"none\" \n\t\t\tdata-responsive_offset=\"on\" \n\n\t\t\t\n\t\t\tstyle=\"z-index: 5; white-space: nowrap; font-size: 55px; line-height: 55px; font-weight: 400; color: rgba(167, 99, 163, 1.00);\"><div style=\"font-family: 'Champagne Bold'; text-shadow: 1px 1px 1px rgba(0, 0, 0, .1); color: #FFF; text-align: center;\">OTHER DESTINATIONS<\/div> <\/h1>\n\n\t\t<!-- LAYER NR. 2 -->\n\t\t<div class=\"tp-caption   tp-resizeme\" \n\t\t\t id=\"slide-27-layer-5\" \n\t\t\t data-x=\"center\" data-hoffset=\"\" \n\t\t\t data-y=\"center\" data-voffset=\"240\" \n\t\t\t\t\t\tdata-width=\"['auto']\"\n\t\t\tdata-height=\"['auto']\"\n\t\t\tdata-transform_idle=\"o:1;\"\n \n\t\t\t data-transform_in=\"opacity:0;s:300;e:Power2.easeInOut;\" \n\t\t\t data-transform_out=\"opacity:0;s:300;\" \n\t\t\tdata-start=\"500\" \n\t\t\tdata-splitin=\"none\" \n\t\t\tdata-splitout=\"none\" \n\t\t\tdata-responsive_offset=\"on\" \n\n\t\t\t\n\t\t\tstyle=\"z-index: 6; white-space: nowrap; font-size: 20px; line-height: 22px; font-weight: 400; color: rgba(255, 255, 255, 1.00);\"> <\/div>\n\n\t\t<!-- LAYER NR. 3 -->\n\t\t<div class=\"tp-caption   tp-resizeme\" \n\t\t\t id=\"bt-slider\" \n\t\t\t data-x=\"center\" data-hoffset=\"\" \n\t\t\t data-y=\"center\" data-voffset=\"81\" \n\t\t\t\t\t\tdata-width=\"['none','none','none','none']\"\n\t\t\tdata-height=\"['none','none','none','none']\"\n\t\t\tdata-transform_idle=\"o:1;\"\n \n\t\t\t data-transform_in=\"opacity:0;s:300;e:Power2.easeInOut;\" \n\t\t\t data-transform_out=\"opacity:0;s:300;\" \n\t\t\tdata-start=\"500\" \n\t\t\tdata-actions='[{\"event\":\"click\",\"action\":\"scrollbelow\",\"offset\":\"-40px\",\"delay\":\"\"}]'\n\t\t\tdata-responsive_offset=\"on\" \n\n\t\t\t\n\t\t\tstyle=\"z-index: 7;\"><img loading=\"lazy\" decoding=\"async\" src=\"https:\/\/www.destinationwedding.com.br\/blog\/wp-content\/uploads\/2016\/11\/plus-white.png\" alt=\"\" width=\"40\" height=\"40\" data-ww=\"40px\" data-hh=\"40px\" data-no-retina> <\/div>\n\n\t\t<!-- LAYER NR. 4 -->\n\t\t<div class=\"tp-caption   tp-resizeme\" \n\t\t\t id=\"slide-27-layer-8\" \n\t\t\t data-x=\"center\" data-hoffset=\"\" \n\t\t\t data-y=\"225\" \n\t\t\t\t\t\tdata-width=\"['none','none','none','none']\"\n\t\t\tdata-height=\"['none','none','none','none']\"\n\t\t\tdata-transform_idle=\"o:1;\"\n \n\t\t\t data-transform_in=\"opacity:0;s:300;e:Power2.easeInOut;\" \n\t\t\t data-transform_out=\"opacity:0;s:300;\" \n\t\t\tdata-start=\"500\" \n\t\t\tdata-responsive_offset=\"on\" \n\n\t\t\t\n\t\t\tstyle=\"z-index: 8;\"><img loading=\"lazy\" decoding=\"async\" src=\"https:\/\/www.destinationwedding.com.br\/blog\/wp-content\/uploads\/2016\/11\/INTERNAS_arabescos.png\" alt=\"\" width=\"189\" height=\"38\" data-ww=\"189px\" data-hh=\"38px\" data-no-retina> <\/div>\n\t<\/li>\n<\/ul>\n<div class=\"tp-bannertimer tp-bottom\" style=\"visibility: hidden !important;\"><\/div>\t<\/div>\n<script>var htmlDiv = document.getElementById(\"rs-plugin-settings-inline-css\"); var htmlDivCss=\"\";\r\n\t\t\t\tif(htmlDiv) {\r\n\t\t\t\t\thtmlDiv.innerHTML = htmlDiv.innerHTML + htmlDivCss;\r\n\t\t\t\t}else{\r\n\t\t\t\t\tvar htmlDiv = document.createElement(\"div\");\r\n\t\t\t\t\thtmlDiv.innerHTML = \"<style>\" + htmlDivCss + \"<\/style>\";\r\n\t\t\t\t\tdocument.getElementsByTagName(\"head\")[0].appendChild(htmlDiv.childNodes[0]);\r\n\t\t\t\t}\r\n\t\t\t<\/script>\n\t\t<script type=\"text\/javascript\">\r\n\t\t\t\t\t\t\/******************************************\r\n\t\t\t\t-\tPREPARE PLACEHOLDER FOR SLIDER\t-\r\n\t\t\t******************************************\/\r\n\r\n\t\t\tvar setREVStartSize=function(){\r\n\t\t\t\ttry{var e=new Object,i=jQuery(window).width(),t=9999,r=0,n=0,l=0,f=0,s=0,h=0;\r\n\t\t\t\t\te.c = jQuery('#rev_slider_11_1');\r\n\t\t\t\t\te.gridwidth = [1240];\r\n\t\t\t\t\te.gridheight = [610];\r\n\t\t\t\t\t\t\t\r\n\t\t\t\t\te.sliderLayout = \"fullscreen\";\r\n\t\t\t\t\te.fullScreenAutoWidth='off';\r\n\t\t\t\t\te.fullScreenAlignForce='off';\r\n\t\t\t\t\te.fullScreenOffsetContainer= '';\r\n\t\t\t\t\te.fullScreenOffset='';\r\n\t\t\t\t\tif(e.responsiveLevels&&(jQuery.each(e.responsiveLevels,function(e,f){f>i&&(t=r=f,l=e),i>f&&f>r&&(r=f,n=e)}),t>r&&(l=n)),f=e.gridheight[l]||e.gridheight[0]||e.gridheight,s=e.gridwidth[l]||e.gridwidth[0]||e.gridwidth,h=i\/s,h=h>1?1:h,f=Math.round(h*f),\"fullscreen\"==e.sliderLayout){var u=(e.c.width(),jQuery(window).height());if(void 0!=e.fullScreenOffsetContainer){var c=e.fullScreenOffsetContainer.split(\",\");if (c) jQuery.each(c,function(e,i){u=jQuery(i).length>0?u-jQuery(i).outerHeight(!0):u}),e.fullScreenOffset.split(\"%\").length>1&&void 0!=e.fullScreenOffset&&e.fullScreenOffset.length>0?u-=jQuery(window).height()*parseInt(e.fullScreenOffset,0)\/100:void 0!=e.fullScreenOffset&&e.fullScreenOffset.length>0&&(u-=parseInt(e.fullScreenOffset,0))}f=u}else void 0!=e.minHeight&&f<e.minHeight&&(f=e.minHeight);e.c.closest(\".rev_slider_wrapper\").css({height:f})\r\n\t\t\t\t\t\r\n\t\t\t\t}catch(d){console.log(\"Failure at Presize of Slider:\"+d)}\r\n\t\t\t};\r\n\t\t\t\r\n\t\t\tsetREVStartSize();\r\n\t\t\t\r\n\t\t\t\t\t\tvar tpj=jQuery;\r\n\t\t\t\r\n\t\t\tvar revapi11;\r\n\t\t\ttpj(document).ready(function() {\n\t\t\t\tif(tpj(\"#rev_slider_11_1\").revolution == undefined){\n\t\t\t\t\trevslider_showDoubleJqueryError(\"#rev_slider_11_1\");\n\t\t\t\t}else{\n\t\t\t\t\trevapi11 = tpj(\"#rev_slider_11_1\").show().revolution({\n\t\t\t\t\t\tsliderType:\"standard\",\njsFileLocation:\"\/\/www.destinationwedding.com.br\/blog\/wp-content\/plugins\/revslider\/public\/assets\/js\/\",\n\t\t\t\t\t\tsliderLayout:\"fullscreen\",\n\t\t\t\t\t\tdottedOverlay:\"none\",\n\t\t\t\t\t\tdelay:9000,\n\t\t\t\t\t\tnavigation: {\n\t\t\t\t\t\t\tonHoverStop:\"on\",\n\t\t\t\t\t\t},\n\t\t\t\t\t\tvisibilityLevels:[1240,1024,778,480],\n\t\t\t\t\t\tgridwidth:1240,\n\t\t\t\t\t\tgridheight:610,\n\t\t\t\t\t\tlazyType:\"none\",\n\t\t\t\t\t\tparallax: {\n\t\t\t\t\t\t\ttype:\"mouse\",\n\t\t\t\t\t\t\torigo:\"enterpoint\",\n\t\t\t\t\t\t\tspeed:400,\n\t\t\t\t\t\t\tlevels:[5,10,15,20,25,30,35,40,45,46,47,48,49,50,51,55],\n\t\t\t\t\t\t\ttype:\"mouse\",\n\t\t\t\t\t\t\tdisable_onmobile:\"on\"\n\t\t\t\t\t\t},\n\t\t\t\t\t\tshadow:0,\n\t\t\t\t\t\tspinner:\"off\",\n\t\t\t\t\t\tstopLoop:\"off\",\n\t\t\t\t\t\tstopAfterLoops:-1,\n\t\t\t\t\t\tstopAtSlide:-1,\n\t\t\t\t\t\tshuffle:\"off\",\n\t\t\t\t\t\tautoHeight:\"off\",\n\t\t\t\t\t\tfullScreenAutoWidth:\"off\",\n\t\t\t\t\t\tfullScreenAlignForce:\"off\",\n\t\t\t\t\t\tfullScreenOffsetContainer: \"\",\n\t\t\t\t\t\tfullScreenOffset: \"\",\n\t\t\t\t\t\tdisableProgressBar:\"on\",\n\t\t\t\t\t\thideThumbsOnMobile:\"off\",\n\t\t\t\t\t\thideSliderAtLimit:0,\n\t\t\t\t\t\thideCaptionAtLimit:0,\n\t\t\t\t\t\thideAllCaptionAtLilmit:0,\n\t\t\t\t\t\tdebugMode:false,\n\t\t\t\t\t\tfallbacks: {\n\t\t\t\t\t\t\tsimplifyAll:\"off\",\n\t\t\t\t\t\t\tnextSlideOnWindowFocus:\"off\",\n\t\t\t\t\t\t\tdisableFocusListener:false,\n\t\t\t\t\t\t}\n\t\t\t\t\t});\n\t\t\t\t}\n\t\t\t});\t\/*ready*\/\n\t\t<\/script>\r\n\t\t<\/div><!-- END REVOLUTION SLIDER -->[\/vc_column][\/vc_row][vc_row el_id=&#8221;interna-header&#8221; css=&#8221;.vc_custom_1479599023208{margin-top: 60px !important;margin-bottom: 30px !important;}&#8221;][vc_column]<div class=\"vntd-special-heading\"style=\"margin-bottom:0px;\"><h1 class=\"header  animated\" data-animation=\"fadeIn\" data-animation-delay=\"100\">Other Destinations<\/h1><div class=\"header-strips-one  animated\" data-animation=\"fadeIn\" data-animation-delay=\"100\"><\/div><\/div>[vc_column_text]<\/p>\n<div class=\"divisor\"><\/div>\n<p>[\/vc_column_text][\/vc_column][\/vc_row][vc_row css=&#8221;.vc_custom_1480216399706{padding-bottom: 40px !important;}&#8221;][vc_column][vc_images_carousel images=&#8221;2926,2927,2928,2929,2930&#8243; img_size=&#8221;full&#8221; captions=&#8221;none&#8221; fullscreen=&#8221;yes&#8221;][\/vc_column][\/vc_row][vc_row el_id=&#8221;conteudo-interna&#8221; el_class=&#8221;slim-width&#8221;][vc_column][vc_column_text]If your dream is to marry in other destinations in Chile, we can seek the best solution to carry it out.<\/p>\n<p>Your wedding can be in an exclusive hotel rooftop in Santiago with views of the Andes Mountain, or even in more exotic locations such as the Atacama Desert, Patagonia, Lake and Volcano\u00b4s Region, among other landscapes of Chile.<\/p>\n<p>We have partnered with hotels from the north to the south of the country where we can customize your Destination Wedding.[\/vc_column_text][\/vc_column][\/vc_row][vc_row css=&#8221;.vc_custom_1479601542404{margin-bottom: 30px !important;}&#8221;][vc_column]<div class=\"vntd-team-carousel team\"><div class=\"team-boxes t-center\">\t\t<div class=\"item\">\n\t\t\t<!-- Box Inner -->\n\t\t\t<div class=\"box-inner\">\n\t\t\t\t<!-- Team Member Image -->\n\t\t\t\t\t\t\t\t<div class=\"member-image\" style=\"background: url('https:\/\/www.destinationwedding.com.br\/blog\/wp-content\/uploads\/2016\/11\/destinationweddingchile-1-1024x682.jpg') center center no-repeat; background-size: cover;\">\n\t\t\t\t\t<!-- Image -->\n\t\t\t\t<\/div>\n\t\t\t\t<!-- Team Member Details -->\n\t\t\t\t<div class=\"member-details\">\n\t\t\t\t\t<!-- Name and Position -->\n\t\t\t\t\t<div class=\"member-name\">\n\t\t\t\t\t\t<!-- Member Name -->\n\t\t\t\t\t\t<h1 class=\"name no-padding no-margin\">\n\t\t\t\t\t\t\tWINERIES\t\t\t\t\t\t<\/h1>\n\t\t\t\t\t\t<!-- Member Position -->\n\t\t\t\t\t\t<h3 class=\"position no-padding\">\n\t\t\t\t\t\t\t\t\t\t\t\t\t<\/h3>\n\t\t\t\t\t<\/div>\n\t\t\t\t\t<!-- End Team Member Details -->\n\n\t\t\t\t\t<!-- Member Details -->\n\t\t\t\t\t<div class=\"details\">\n\t\t\t\t\t\t<!-- Description -->\n\t\t\t\t\t\t<p class=\"member-description normal\">\n\t\t\t\t\t\t\tHave you ever imagined getting married in a winery, in a setting of beautiful vineyards in unique valleys? Get to know more\u2026\t\t\t\t\t\t<\/p>\n\n\t\t\t\t\t\t\n\t\t\t\t\t\t\t\t<div class=\"vc_icon_element vc_icon_element-outer wpb_animate_when_almost_visible wpb_appear vc_icon_element-align-center vc_icon_element-have-style wpb_start_animation fadeInLeft visible\">\n\t\t\t\t\t\t\t\t\t<a href=\"\/destination-wineries\/\">\n\t\t\t\t\t\t\t\t\t\t<div class=\"vc_icon_element-inner vc_icon_element-color-white vc_icon_element-have-style-inner vc_icon_element-size-xs vc_icon_element-style-rounded vc_icon_element-background vc_icon_element-background-color-custom\" style=\"background-color:#c191c1\"><span class=\"vc_icon_element-icon fa fa-plus\"><\/span><\/div>\n\t\t\t\t\t\t\t\t\t<\/a>\n\t\t\t\t\t\t\t\t<\/div>\n\t\t\t\t\t\t<!-- Button trigger modal -->\n\t\t\t\t\t\t\t\t\t\t\t<\/div><!-- End Member Details -->\n\t\t\t\t<\/div><!-- End Team Member Details -->\n\t\t\t<\/div><!-- End Team Box Inner -->\n\t\t<\/div><!-- End Team Box -->\n\n\n\t\t<!-- End Modal -->\n\n\t\t\t\t<div class=\"item\">\n\t\t\t<!-- Box Inner -->\n\t\t\t<div class=\"box-inner\">\n\t\t\t\t<!-- Team Member Image -->\n\t\t\t\t\t\t\t\t<div class=\"member-image\" style=\"background: url('https:\/\/www.destinationwedding.com.br\/blog\/wp-content\/uploads\/2014\/06\/HOME-Destinos-vin\u00edcola-esta\u00e7\u00e3o-de-ski-outros.jpg') center center no-repeat; background-size: cover;\">\n\t\t\t\t\t<!-- Image -->\n\t\t\t\t<\/div>\n\t\t\t\t<!-- Team Member Details -->\n\t\t\t\t<div class=\"member-details\">\n\t\t\t\t\t<!-- Name and Position -->\n\t\t\t\t\t<div class=\"member-name\">\n\t\t\t\t\t\t<!-- Member Name -->\n\t\t\t\t\t\t<h1 class=\"name no-padding no-margin\">\n\t\t\t\t\t\t\tSKI RESORTS\t\t\t\t\t\t<\/h1>\n\t\t\t\t\t\t<!-- Member Position -->\n\t\t\t\t\t\t<h3 class=\"position no-padding\">\n\t\t\t\t\t\t\t\t\t\t\t\t\t<\/h3>\n\t\t\t\t\t<\/div>\n\t\t\t\t\t<!-- End Team Member Details -->\n\n\t\t\t\t\t<!-- Member Details -->\n\t\t\t\t\t<div class=\"details\">\n\t\t\t\t\t\t<!-- Description -->\n\t\t\t\t\t\t<p class=\"member-description normal\">\n\t\t\t\t\t\t\tHow about getting married at a ski resort?\r\nLocated in the Andes Mountains, the stations offer beautiful locations for ceremonies and photographic sessions overlooking the white snow-capped mountains. Get to know more\u2026\t\t\t\t\t\t<\/p>\n\n\t\t\t\t\t\t\n\t\t\t\t\t\t\t\t<div class=\"vc_icon_element vc_icon_element-outer wpb_animate_when_almost_visible wpb_appear vc_icon_element-align-center vc_icon_element-have-style wpb_start_animation fadeInLeft visible\">\n\t\t\t\t\t\t\t\t\t<a href=\"\/destination-ski-resorts\/\">\n\t\t\t\t\t\t\t\t\t\t<div class=\"vc_icon_element-inner vc_icon_element-color-white vc_icon_element-have-style-inner vc_icon_element-size-xs vc_icon_element-style-rounded vc_icon_element-background vc_icon_element-background-color-custom\" style=\"background-color:#c191c1\"><span class=\"vc_icon_element-icon fa fa-plus\"><\/span><\/div>\n\t\t\t\t\t\t\t\t\t<\/a>\n\t\t\t\t\t\t\t\t<\/div>\n\t\t\t\t\t\t<!-- Button trigger modal -->\n\t\t\t\t\t\t\t\t\t\t\t<\/div><!-- End Member Details -->\n\t\t\t\t<\/div><!-- End Team Member Details -->\n\t\t\t<\/div><!-- End Team Box Inner -->\n\t\t<\/div><!-- End Team Box -->\n\n\n\t\t<!-- End Modal -->\n\n\t\t\t\t<div class=\"item\">\n\t\t\t<!-- Box Inner -->\n\t\t\t<div class=\"box-inner\">\n\t\t\t\t<!-- Team Member Image -->\n\t\t\t\t\t\t\t\t<div class=\"member-image\" style=\"background: url('https:\/\/www.destinationwedding.com.br\/blog\/wp-content\/uploads\/2014\/06\/Outros-destinos-Foto-HOME-e-topo-de-p\u00e1gina-interna.jpg') center center no-repeat; background-size: cover;\">\n\t\t\t\t\t<!-- Image -->\n\t\t\t\t<\/div>\n\t\t\t\t<!-- Team Member Details -->\n\t\t\t\t<div class=\"member-details\">\n\t\t\t\t\t<!-- Name and Position -->\n\t\t\t\t\t<div class=\"member-name\">\n\t\t\t\t\t\t<!-- Member Name -->\n\t\t\t\t\t\t<h1 class=\"name no-padding no-margin\">\n\t\t\t\t\t\t\tOTHER DESTINATIONS\t\t\t\t\t\t<\/h1>\n\t\t\t\t\t\t<!-- Member Position -->\n\t\t\t\t\t\t<h3 class=\"position no-padding\">\n\t\t\t\t\t\t\t\t\t\t\t\t\t<\/h3>\n\t\t\t\t\t<\/div>\n\t\t\t\t\t<!-- End Team Member Details -->\n\n\t\t\t\t\t<!-- Member Details -->\n\t\t\t\t\t<div class=\"details\">\n\t\t\t\t\t\t<!-- Description -->\n\t\t\t\t\t\t<p class=\"member-description normal\">\n\t\t\t\t\t\t\tIf your dream is to marry in other destinations in Chile, our company seeks the best solution to carry it out. Get to know more\u2026\t\t\t\t\t\t<\/p>\n\n\t\t\t\t\t\t\n\t\t\t\t\t\t\t\t<div class=\"vc_icon_element vc_icon_element-outer wpb_animate_when_almost_visible wpb_appear vc_icon_element-align-center vc_icon_element-have-style wpb_start_animation fadeInLeft visible\">\n\t\t\t\t\t\t\t\t\t<a href=\"\/other-destinations\/\">\n\t\t\t\t\t\t\t\t\t\t<div class=\"vc_icon_element-inner vc_icon_element-color-white vc_icon_element-have-style-inner vc_icon_element-size-xs vc_icon_element-style-rounded vc_icon_element-background vc_icon_element-background-color-custom\" style=\"background-color:#c191c1\"><span class=\"vc_icon_element-icon fa fa-plus\"><\/span><\/div>\n\t\t\t\t\t\t\t\t\t<\/a>\n\t\t\t\t\t\t\t\t<\/div>\n\t\t\t\t\t\t<!-- Button trigger modal -->\n\t\t\t\t\t\t\t\t\t\t\t<\/div><!-- End Member Details -->\n\t\t\t\t<\/div><!-- End Team Member Details -->\n\t\t\t<\/div><!-- End Team Box Inner -->\n\t\t<\/div><!-- End Team Box -->\n\n\n\t\t<!-- End Modal -->\n\n\t\t<\/div><\/div>[\/vc_column][\/vc_row]<\/p>\n<\/div>","protected":false},"excerpt":{"rendered":"<p>[vc_row el_id=&#8221;first&#8221; content_width=&#8221;fullwidth&#8221; css=&#8221;.vc_custom_1405468057223{padding-top: 0px !important;padding-bottom: 0px !important;}&#8221;][vc_column][\/vc_column][\/vc_row][vc_row el_id=&#8221;interna-header&#8221; css=&#8221;.vc_custom_1479599023208{margin-top: 60px !important;margin-bottom: 30px !important;}&#8221;][vc_column][vc_column_text] [\/vc_column_text][\/vc_column][\/vc_row][vc_row css=&#8221;.vc_custom_1480216399706{padding-bottom: 40px !important;}&#8221;][vc_column][vc_images_carousel images=&#8221;2926,2927,2928,2929,2930&#8243; img_size=&#8221;full&#8221; captions=&#8221;none&#8221; fullscreen=&#8221;yes&#8221;][\/vc_column][\/vc_row][vc_row el_id=&#8221;conteudo-interna&#8221; el_class=&#8221;slim-width&#8221;][vc_column][vc_column_text]If your dream is to marry in other destinations in Chile, we can seek the best solution to carry it out. Your wedding can be in an exclusive hotel rooftop in Santiago with views of the Andes Mountain, or even in more exotic locations such as the [&hellip;]<\/p>\n","protected":false},"author":1,"featured_media":0,"parent":0,"menu_order":0,"comment_status":"closed","ping_status":"closed","template":"","meta":{"_exactmetrics_skip_tracking":false,"_exactmetrics_sitenote_active":false,"_exactmetrics_sitenote_note":"","_exactmetrics_sitenote_category":0,"footnotes":""},"class_list":["post-2363","page","type-page","status-publish","hentry"],"_links":{"self":[{"href":"https:\/\/www.destinationwedding.com.br\/en\/wp-json\/wp\/v2\/pages\/2363","targetHints":{"allow":["GET"]}}],"collection":[{"href":"https:\/\/www.destinationwedding.com.br\/en\/wp-json\/wp\/v2\/pages"}],"about":[{"href":"https:\/\/www.destinationwedding.com.br\/en\/wp-json\/wp\/v2\/types\/page"}],"author":[{"embeddable":true,"href":"https:\/\/www.destinationwedding.com.br\/en\/wp-json\/wp\/v2\/users\/1"}],"replies":[{"embeddable":true,"href":"https:\/\/www.destinationwedding.com.br\/en\/wp-json\/wp\/v2\/comments?post=2363"}],"version-history":[{"count":10,"href":"https:\/\/www.destinationwedding.com.br\/en\/wp-json\/wp\/v2\/pages\/2363\/revisions"}],"predecessor-version":[{"id":3209,"href":"https:\/\/www.destinationwedding.com.br\/en\/wp-json\/wp\/v2\/pages\/2363\/revisions\/3209"}],"wp:attachment":[{"href":"https:\/\/www.destinationwedding.com.br\/en\/wp-json\/wp\/v2\/media?parent=2363"}],"curies":[{"name":"wp","href":"https:\/\/api.w.org\/{rel}","templated":true}]}}